{"id":1026,"date":"2023-03-10T17:14:58","date_gmt":"2023-03-10T16:14:58","guid":{"rendered":"http:\/\/www.lelabodubrasseur.com\/?page_id=1026"},"modified":"2023-03-10T17:17:55","modified_gmt":"2023-03-10T16:17:55","slug":"brown-ale-caramel-sale","status":"publish","type":"page","link":"https:\/\/www.lelabodubrasseur.com\/index.php\/brown-ale-caramel-sale\/","title":{"rendered":"Brown Ale Caramel Sal\u00e9"},"content":{"rendered":"\t\t<div data-elementor-type=\"wp-page\" data-elementor-id=\"1026\" class=\"elementor elementor-1026\" data-elementor-post-type=\"page\">\n\t\t\t\t\t\t<section class=\"elementor-section elementor-top-section elementor-element elementor-element-1b64f5b elementor-section-boxed elementor-section-height-default elementor-section-height-default\" data-id=\"1b64f5b\" data-element_type=\"section\" data-e-type=\"section\">\n\t\t\t\t\t\t<div class=\"elementor-container elementor-column-gap-default\">\n\t\t\t\t\t<div class=\"elementor-column elementor-col-100 elementor-top-column elementor-element elementor-element-1482b53\" data-id=\"1482b53\" data-element_type=\"column\" data-e-type=\"column\">\n\t\t\t<div class=\"elementor-widget-wrap elementor-element-populated\">\n\t\t\t\t\t\t<div class=\"elementor-element elementor-element-d90a6c4 elementor-widget elementor-widget-heading\" data-id=\"d90a6c4\" data-element_type=\"widget\" data-e-type=\"widget\" data-widget_type=\"heading.default\">\n\t\t\t\t<div class=\"elementor-widget-container\">\n\t\t\t\t\t<h1 class=\"elementor-heading-title elementor-size-xxl\">Brown Ale Caramel Sal\u00e9<\/h1>\t\t\t\t<\/div>\n\t\t\t\t<\/div>\n\t\t\t\t\t<\/div>\n\t\t<\/div>\n\t\t\t\t\t<\/div>\n\t\t<\/section>\n\t\t\t\t<section class=\"elementor-section elementor-top-section elementor-element elementor-element-c9c15ec elementor-section-boxed elementor-section-height-default elementor-section-height-default\" data-id=\"c9c15ec\" data-element_type=\"section\" data-e-type=\"section\">\n\t\t\t\t\t\t<div class=\"elementor-container elementor-column-gap-default\">\n\t\t\t\t\t<div class=\"elementor-column elementor-col-100 elementor-top-column elementor-element elementor-element-d6af199\" data-id=\"d6af199\" data-element_type=\"column\" data-e-type=\"column\">\n\t\t\t<div class=\"elementor-widget-wrap elementor-element-populated\">\n\t\t\t\t\t\t<div class=\"elementor-element elementor-element-f640f60 elementor-skin-carousel elementor-arrows-yes elementor-pagination-type-bullets elementor-pagination-position-outside elementor-widget elementor-widget-media-carousel\" data-id=\"f640f60\" data-element_type=\"widget\" data-e-type=\"widget\" data-settings=\"{&quot;skin&quot;:&quot;carousel&quot;,&quot;effect&quot;:&quot;slide&quot;,&quot;show_arrows&quot;:&quot;yes&quot;,&quot;pagination&quot;:&quot;bullets&quot;,&quot;speed&quot;:500,&quot;autoplay&quot;:&quot;yes&quot;,&quot;autoplay_speed&quot;:5000,&quot;loop&quot;:&quot;yes&quot;,&quot;pause_on_hover&quot;:&quot;yes&quot;,&quot;pause_on_interaction&quot;:&quot;yes&quot;,&quot;space_between&quot;:{&quot;unit&quot;:&quot;px&quot;,&quot;size&quot;:10,&quot;sizes&quot;:[]},&quot;space_between_tablet&quot;:{&quot;unit&quot;:&quot;px&quot;,&quot;size&quot;:10,&quot;sizes&quot;:[]},&quot;space_between_mobile&quot;:{&quot;unit&quot;:&quot;px&quot;,&quot;size&quot;:10,&quot;sizes&quot;:[]}}\" data-widget_type=\"media-carousel.default\">\n\t\t\t\t<div class=\"elementor-widget-container\">\n\t\t\t\t\t\t\t<div class=\"elementor-swiper\">\n\t\t\t<div class=\"elementor-main-swiper swiper-container\">\n\t\t\t\t<div class=\"swiper-wrapper\">\n\t\t\t\t\t\t\t\t\t\t\t<div class=\"swiper-slide\">\n\t\t\t\t\t\t\t\t\t<div class=\"elementor-carousel-image\" role=\"img\" aria-label=\"noel 001-01\" style=\"background-image: url(&#039;https:\/\/www.lelabodubrasseur.com\/wp-content\/uploads\/2023\/03\/noel-001-01.png&#039;)\">\n\n\t\t\t\n\t\t\t\t\t<\/div>\n\t\t\t\t\t\t\t\t<\/div>\n\t\t\t\t\t\t\t\t\t<\/div>\n\t\t\t\t\t\t\t<\/div>\n\t\t<\/div>\n\t\t\t\t\t\t<\/div>\n\t\t\t\t<\/div>\n\t\t\t\t\t<\/div>\n\t\t<\/div>\n\t\t\t\t\t<\/div>\n\t\t<\/section>\n\t\t\t\t<section class=\"elementor-section elementor-top-section elementor-element elementor-element-d25fc2b elementor-section-boxed elementor-section-height-default elementor-section-height-default\" data-id=\"d25fc2b\" data-element_type=\"section\" data-e-type=\"section\">\n\t\t\t\t\t\t<div class=\"elementor-container elementor-column-gap-default\">\n\t\t\t\t\t<div class=\"elementor-column elementor-col-100 elementor-top-column elementor-element elementor-element-ba2832c\" data-id=\"ba2832c\" data-element_type=\"column\" data-e-type=\"column\">\n\t\t\t<div class=\"elementor-widget-wrap elementor-element-populated\">\n\t\t\t\t\t\t<div class=\"elementor-element elementor-element-cc41def elementor-widget elementor-widget-text-editor\" data-id=\"cc41def\" data-element_type=\"widget\" data-e-type=\"widget\" data-widget_type=\"text-editor.default\">\n\t\t\t\t<div class=\"elementor-widget-container\">\n\t\t\t\t\t\t\t\t\t<p>La Caramel Sal\u00e9 est une bi\u00e8re de type BROWN ALE, caract\u00e9ris\u00e9e par un \u00e9quilibre entre le malt caramel et une touche de sel. Avec une teneur en alcool de 4,8%, c&rsquo;est une bi\u00e8re accessible pour les amateurs de bi\u00e8re. La couleur brune claire de la bi\u00e8re est due \u00e0 son EBC de 20,1.<\/p><p>En termes de saveurs, la Caramel Sal\u00e9 est caract\u00e9ris\u00e9e par son \u00e9quilibre entre le malt caramel et une touche de sel. Le malt apporte des saveurs de caramel et de sucre brun, tandis que la touche de sel apporte une touche de fra\u00eecheur pour \u00e9quilibrer les saveurs. L&rsquo;amertume de 33,3 EBU apporte \u00e9galement une touche d&rsquo;amertume pour \u00e9quilibrer les saveurs. Ensemble, ces saveurs cr\u00e9ent une bi\u00e8re d\u00e9licieuse et cors\u00e9e qui plaira \u00e0 de nombreux amateurs de bi\u00e8re.<\/p><p>En g\u00e9n\u00e9ral, la Caramel Sal\u00e9 est une bi\u00e8re brune et cors\u00e9e, id\u00e9ale pour les amateurs de bi\u00e8re qui cherchent une option plus douce et sal\u00e9e. Son \u00e9quilibre parfait entre le malt caramel, la touche de sel et l&rsquo;amertume en fait une option populaire pour les amateurs de bi\u00e8re qui cherchent une exp\u00e9rience de d\u00e9gustation douce et sal\u00e9e.<\/p>\t\t\t\t\t\t\t\t<\/div>\n\t\t\t\t<\/div>\n\t\t\t\t\t<\/div>\n\t\t<\/div>\n\t\t\t\t\t<\/div>\n\t\t<\/section>\n\t\t\t\t<\/div>\n\t\t","protected":false},"excerpt":{"rendered":"<p>Brown Ale Caramel Sal\u00e9 La Caramel Sal\u00e9 est une bi\u00e8re de type BROWN ALE, caract\u00e9ris\u00e9e par un \u00e9quilibre entre le malt caramel et une touche de sel. Avec une teneur en alcool de 4,8%, c&rsquo;est une bi\u00e8re accessible pour les amateurs de bi\u00e8re. La couleur brune claire de la bi\u00e8re est due \u00e0 son EBC&#8230;<\/p>\n","protected":false},"author":1,"featured_media":0,"parent":0,"menu_order":0,"comment_status":"closed","ping_status":"closed","template":"","meta":{"_seopress_robots_primary_cat":"","_seopress_titles_title":"D\u00e9couvrez la Caramel Sal\u00e9, une bi\u00e8re Brown Ale douce et cors\u00e9e","_seopress_titles_desc":"La Caramel Sal\u00e9 est une bi\u00e8re Brown Ale caract\u00e9ris\u00e9e par un \u00e9quilibre entre le malt caramel et une touche de sel. Avec une teneur en alcool de 4,8%, cette bi\u00e8re accessible offre des notes de caramel, sucre brun et de sel. Essayez-la d\u00e8s maintenant !","_seopress_robots_index":"","ocean_post_layout":"","ocean_both_sidebars_style":"","ocean_both_sidebars_content_width":0,"ocean_both_sidebars_sidebars_width":0,"ocean_sidebar":"0","ocean_second_sidebar":"0","ocean_disable_margins":"enable","ocean_add_body_class":"","ocean_shortcode_before_top_bar":"","ocean_shortcode_after_top_bar":"","ocean_shortcode_before_header":"","ocean_shortcode_after_header":"","ocean_has_shortcode":"","ocean_shortcode_after_title":"","ocean_shortcode_before_footer_widgets":"","ocean_shortcode_after_footer_widgets":"","ocean_shortcode_before_footer_bottom":"","ocean_shortcode_after_footer_bottom":"","ocean_display_top_bar":"default","ocean_display_header":"default","ocean_header_style":"","ocean_center_header_left_menu":"0","ocean_custom_header_template":"0","ocean_custom_logo":0,"ocean_custom_retina_logo":0,"ocean_custom_logo_max_width":0,"ocean_custom_logo_tablet_max_width":0,"ocean_custom_logo_mobile_max_width":0,"ocean_custom_logo_max_height":0,"ocean_custom_logo_tablet_max_height":0,"ocean_custom_logo_mobile_max_height":0,"ocean_header_custom_menu":"0","ocean_menu_typo_font_family":"0","ocean_menu_typo_font_subset":"","ocean_menu_typo_font_size":0,"ocean_menu_typo_font_size_tablet":0,"ocean_menu_typo_font_size_mobile":0,"ocean_menu_typo_font_size_unit":"px","ocean_menu_typo_font_weight":"","ocean_menu_typo_font_weight_tablet":"","ocean_menu_typo_font_weight_mobile":"","ocean_menu_typo_transform":"","ocean_menu_typo_transform_tablet":"","ocean_menu_typo_transform_mobile":"","ocean_menu_typo_line_height":0,"ocean_menu_typo_line_height_tablet":0,"ocean_menu_typo_line_height_mobile":0,"ocean_menu_typo_line_height_unit":"","ocean_menu_typo_spacing":0,"ocean_menu_typo_spacing_tablet":0,"ocean_menu_typo_spacing_mobile":0,"ocean_menu_typo_spacing_unit":"","ocean_menu_link_color":"","ocean_menu_link_color_hover":"","ocean_menu_link_color_active":"","ocean_menu_link_background":"","ocean_menu_link_hover_background":"","ocean_menu_link_active_background":"","ocean_menu_social_links_bg":"","ocean_menu_social_hover_links_bg":"","ocean_menu_social_links_color":"","ocean_menu_social_hover_links_color":"","ocean_disable_title":"default","ocean_disable_heading":"default","ocean_post_title":"","ocean_post_subheading":"","ocean_post_title_style":"","ocean_post_title_background_color":"","ocean_post_title_background":0,"ocean_post_title_bg_image_position":"","ocean_post_title_bg_image_attachment":"","ocean_post_title_bg_image_repeat":"","ocean_post_title_bg_image_size":"","ocean_post_title_height":0,"ocean_post_title_bg_overlay":0.5,"ocean_post_title_bg_overlay_color":"","ocean_disable_breadcrumbs":"default","ocean_breadcrumbs_color":"","ocean_breadcrumbs_separator_color":"","ocean_breadcrumbs_links_color":"","ocean_breadcrumbs_links_hover_color":"","ocean_display_footer_widgets":"default","ocean_display_footer_bottom":"default","ocean_custom_footer_template":"0","footnotes":""},"class_list":["post-1026","page","type-page","status-publish","hentry","entry"],"_links":{"self":[{"href":"https:\/\/www.lelabodubrasseur.com\/index.php\/wp-json\/wp\/v2\/pages\/1026","targetHints":{"allow":["GET"]}}],"collection":[{"href":"https:\/\/www.lelabodubrasseur.com\/index.php\/wp-json\/wp\/v2\/pages"}],"about":[{"href":"https:\/\/www.lelabodubrasseur.com\/index.php\/wp-json\/wp\/v2\/types\/page"}],"author":[{"embeddable":true,"href":"https:\/\/www.lelabodubrasseur.com\/index.php\/wp-json\/wp\/v2\/users\/1"}],"replies":[{"embeddable":true,"href":"https:\/\/www.lelabodubrasseur.com\/index.php\/wp-json\/wp\/v2\/comments?post=1026"}],"version-history":[{"count":5,"href":"https:\/\/www.lelabodubrasseur.com\/index.php\/wp-json\/wp\/v2\/pages\/1026\/revisions"}],"predecessor-version":[{"id":1032,"href":"https:\/\/www.lelabodubrasseur.com\/index.php\/wp-json\/wp\/v2\/pages\/1026\/revisions\/1032"}],"wp:attachment":[{"href":"https:\/\/www.lelabodubrasseur.com\/index.php\/wp-json\/wp\/v2\/media?parent=1026"}],"curies":[{"name":"wp","href":"https:\/\/api.w.org\/{rel}","templated":true}]}}