{"id":1038,"date":"2023-03-10T17:27:12","date_gmt":"2023-03-10T16:27:12","guid":{"rendered":"http:\/\/www.lelabodubrasseur.com\/?page_id=1038"},"modified":"2023-03-10T17:29:20","modified_gmt":"2023-03-10T16:29:20","slug":"marty-party","status":"publish","type":"page","link":"https:\/\/www.lelabodubrasseur.com\/index.php\/marty-party\/","title":{"rendered":"Marty Party"},"content":{"rendered":"\t\t<div data-elementor-type=\"wp-page\" data-elementor-id=\"1038\" class=\"elementor elementor-1038\" data-elementor-post-type=\"page\">\n\t\t\t\t\t\t<section class=\"elementor-section elementor-top-section elementor-element elementor-element-010bccb elementor-section-boxed elementor-section-height-default elementor-section-height-default\" data-id=\"010bccb\" data-element_type=\"section\" data-e-type=\"section\">\n\t\t\t\t\t\t<div class=\"elementor-container elementor-column-gap-default\">\n\t\t\t\t\t<div class=\"elementor-column elementor-col-100 elementor-top-column elementor-element elementor-element-752c6b7\" data-id=\"752c6b7\" data-element_type=\"column\" data-e-type=\"column\">\n\t\t\t<div class=\"elementor-widget-wrap elementor-element-populated\">\n\t\t\t\t\t\t<div class=\"elementor-element elementor-element-e2982d3 elementor-widget elementor-widget-heading\" data-id=\"e2982d3\" data-element_type=\"widget\" data-e-type=\"widget\" data-widget_type=\"heading.default\">\n\t\t\t\t<div class=\"elementor-widget-container\">\n\t\t\t\t\t<h1 class=\"elementor-heading-title elementor-size-xxl\">Marty Party<\/h1>\t\t\t\t<\/div>\n\t\t\t\t<\/div>\n\t\t\t\t\t<\/div>\n\t\t<\/div>\n\t\t\t\t\t<\/div>\n\t\t<\/section>\n\t\t\t\t<section class=\"elementor-section elementor-top-section elementor-element elementor-element-5e5c395 elementor-section-boxed elementor-section-height-default elementor-section-height-default\" data-id=\"5e5c395\" data-element_type=\"section\" data-e-type=\"section\">\n\t\t\t\t\t\t<div class=\"elementor-container elementor-column-gap-default\">\n\t\t\t\t\t<div class=\"elementor-column elementor-col-100 elementor-top-column elementor-element elementor-element-aac5a8e\" data-id=\"aac5a8e\" data-element_type=\"column\" data-e-type=\"column\">\n\t\t\t<div class=\"elementor-widget-wrap elementor-element-populated\">\n\t\t\t\t\t\t<div class=\"elementor-element elementor-element-a711ae6 elementor-skin-carousel elementor-arrows-yes elementor-pagination-type-bullets elementor-pagination-position-outside elementor-widget elementor-widget-media-carousel\" data-id=\"a711ae6\" data-element_type=\"widget\" data-e-type=\"widget\" data-settings=\"{&quot;skin&quot;:&quot;carousel&quot;,&quot;effect&quot;:&quot;slide&quot;,&quot;show_arrows&quot;:&quot;yes&quot;,&quot;pagination&quot;:&quot;bullets&quot;,&quot;speed&quot;:500,&quot;autoplay&quot;:&quot;yes&quot;,&quot;autoplay_speed&quot;:5000,&quot;loop&quot;:&quot;yes&quot;,&quot;pause_on_hover&quot;:&quot;yes&quot;,&quot;pause_on_interaction&quot;:&quot;yes&quot;,&quot;space_between&quot;:{&quot;unit&quot;:&quot;px&quot;,&quot;size&quot;:10,&quot;sizes&quot;:[]},&quot;space_between_tablet&quot;:{&quot;unit&quot;:&quot;px&quot;,&quot;size&quot;:10,&quot;sizes&quot;:[]},&quot;space_between_mobile&quot;:{&quot;unit&quot;:&quot;px&quot;,&quot;size&quot;:10,&quot;sizes&quot;:[]}}\" data-widget_type=\"media-carousel.default\">\n\t\t\t\t<div class=\"elementor-widget-container\">\n\t\t\t\t\t\t\t<div class=\"elementor-swiper\">\n\t\t\t<div class=\"elementor-main-swiper swiper-container\">\n\t\t\t\t<div class=\"swiper-wrapper\">\n\t\t\t\t\t\t\t\t\t\t\t<div class=\"swiper-slide\">\n\t\t\t\t\t\t\t\t\t<div class=\"elementor-carousel-image\" role=\"img\" aria-label=\"Apocalyptic Lager\" style=\"background-image: url(&#039;https:\/\/www.lelabodubrasseur.com\/wp-content\/uploads\/2023\/03\/Lager-01-1.png&#039;)\">\n\n\t\t\t\n\t\t\t\t\t<\/div>\n\t\t\t\t\t\t\t\t<\/div>\n\t\t\t\t\t\t\t\t\t\t\t<div class=\"swiper-slide\">\n\t\t\t\t\t\t\t\t\t<div class=\"elementor-carousel-image\" role=\"img\" aria-label=\"Apocalyptique Lager\" style=\"background-image: url(&#039;https:\/\/www.lelabodubrasseur.com\/wp-content\/uploads\/2023\/03\/Apocalyptique-Lager.jpg&#039;)\">\n\n\t\t\t\n\t\t\t\t\t<\/div>\n\t\t\t\t\t\t\t\t<\/div>\n\t\t\t\t\t\t\t\t\t\t\t<div class=\"swiper-slide\">\n\t\t\t\t\t\t\t\t\t<div class=\"elementor-carousel-image\" role=\"img\" aria-label=\"grid_0-3\" style=\"background-image: url(&#039;https:\/\/www.lelabodubrasseur.com\/wp-content\/uploads\/2023\/03\/grid_0-3.png&#039;)\">\n\n\t\t\t\n\t\t\t\t\t<\/div>\n\t\t\t\t\t\t\t\t<\/div>\n\t\t\t\t\t\t\t\t\t<\/div>\n\t\t\t\t\t\t\t\t\t\t\t\t\t\t\t<div class=\"swiper-pagination\"><\/div>\n\t\t\t\t\t\t\t\t\t\t\t\t\t\t\t\t<div class=\"elementor-swiper-button elementor-swiper-button-prev\" role=\"button\" tabindex=\"0\">\n\t\t\t\t\t\t\t<i aria-hidden=\"true\" class=\"eicon-chevron-left\"><\/i>\t\t\t\t\t\t\t<span class=\"elementor-screen-only\">Pr\u00e9c\u00e9dent<\/span>\n\t\t\t\t\t\t<\/div>\n\t\t\t\t\t\t<div class=\"elementor-swiper-button elementor-swiper-button-next\" role=\"button\" tabindex=\"0\">\n\t\t\t\t\t\t\t<i aria-hidden=\"true\" class=\"eicon-chevron-right\"><\/i>\t\t\t\t\t\t\t<span class=\"elementor-screen-only\">Suivant<\/span>\n\t\t\t\t\t\t<\/div>\n\t\t\t\t\t\t\t\t\t\t\t\t<\/div>\n\t\t<\/div>\n\t\t\t\t\t\t<\/div>\n\t\t\t\t<\/div>\n\t\t\t\t\t<\/div>\n\t\t<\/div>\n\t\t\t\t\t<\/div>\n\t\t<\/section>\n\t\t\t\t<section class=\"elementor-section elementor-top-section elementor-element elementor-element-c335a1d elementor-section-boxed elementor-section-height-default elementor-section-height-default\" data-id=\"c335a1d\" data-element_type=\"section\" data-e-type=\"section\">\n\t\t\t\t\t\t<div class=\"elementor-container elementor-column-gap-default\">\n\t\t\t\t\t<div class=\"elementor-column elementor-col-100 elementor-top-column elementor-element elementor-element-5f58091\" data-id=\"5f58091\" data-element_type=\"column\" data-e-type=\"column\">\n\t\t\t<div class=\"elementor-widget-wrap elementor-element-populated\">\n\t\t\t\t\t\t<div class=\"elementor-element elementor-element-db4641d elementor-widget elementor-widget-text-editor\" data-id=\"db4641d\" data-element_type=\"widget\" data-e-type=\"widget\" data-widget_type=\"text-editor.default\">\n\t\t\t\t<div class=\"elementor-widget-container\">\n\t\t\t\t\t\t\t\t\t<p>Le nom \u00ab\u00a0Marty Party\u00a0\u00bb vient en effet de notre ami Martin qui adore faire la f\u00eate . Cette blonde ale am\u00e9ricaine est donc con\u00e7ue pour les soir\u00e9es et les f\u00eates, en hommage \u00e0 notre ami Martin et \u00e0 son amour pour la bi\u00e8re et les soir\u00e9es.<\/p><p>Avec une teneur en alcool de 5,4%, c&rsquo;est une bi\u00e8re accessible pour les amateurs de bi\u00e8re. La couleur blonde claire de la bi\u00e8re est due \u00e0 son EBC de 7,5.<\/p><p>En termes de saveurs, la Marty Party est caract\u00e9ris\u00e9e par son \u00e9quilibre entre le malt et l&rsquo;houblon. Le malt apporte des saveurs de biscuit et de caramel, tandis que l&rsquo;houblon apporte des saveurs florales et herbeuses. L&rsquo;amertume de 24,8 EBU apporte une touche d&rsquo;amertume pour \u00e9quilibrer les saveurs. Ensemble, ces saveurs cr\u00e9ent une bi\u00e8re d\u00e9licieuse et cors\u00e9e qui plaira \u00e0 de nombreux amateurs de bi\u00e8re.<\/p><p>En termes de profil aromatique, vous pouvez vous attendre \u00e0 des notes de malt, de houblon florale et herbeuse. C&rsquo;est une bi\u00e8re agr\u00e9able \u00e0 sentir et \u00e0 boire, avec une touche de fra\u00eecheur pour donner une touche de fra\u00eecheur.<\/p><p>En g\u00e9n\u00e9ral, la Marty Party est une bi\u00e8re blonde et cors\u00e9e, id\u00e9ale pour les soir\u00e9es et les f\u00eates. Son \u00e9quilibre parfait entre le malt, les houblons et l&rsquo;houblon en fait une option populaire pour les amateurs de bi\u00e8re qui cherchent une exp\u00e9rience de d\u00e9gustation douce et cors\u00e9e, en hommage \u00e0 notre ami Martin et \u00e0 son amour pour la bi\u00e8re et les soir\u00e9es.<\/p>\t\t\t\t\t\t\t\t<\/div>\n\t\t\t\t<\/div>\n\t\t\t\t\t<\/div>\n\t\t<\/div>\n\t\t\t\t\t<\/div>\n\t\t<\/section>\n\t\t\t\t<\/div>\n\t\t","protected":false},"excerpt":{"rendered":"<p>Marty Party Pr\u00e9c\u00e9dent Suivant Le nom \u00ab\u00a0Marty Party\u00a0\u00bb vient en effet de notre ami Martin qui adore faire la f\u00eate . Cette blonde ale am\u00e9ricaine est donc con\u00e7ue pour les soir\u00e9es et les f\u00eates, en hommage \u00e0 notre ami Martin et \u00e0 son amour pour la bi\u00e8re et les soir\u00e9es. Avec une teneur en alcool&#8230;<\/p>\n","protected":false},"author":1,"featured_media":0,"parent":0,"menu_order":0,"comment_status":"closed","ping_status":"closed","template":"","meta":{"_seopress_robots_primary_cat":"","_seopress_titles_title":"D\u00e9couvrez notre bi\u00e8re blonde \"Marty Party\" pour vos soir\u00e9es festives | Le Laboratoire du Brasseur","_seopress_titles_desc":"La Marty Party est une bi\u00e8re blonde am\u00e9ricaine \u00e9quilibr\u00e9e en saveurs de malt et d'houblon, avec une touche d'amertume, parfaite pour les soir\u00e9es et les f\u00eates. Avec une teneur en alcool de 5,4%, c'est une bi\u00e8re accessible pour tous les amateurs de bi\u00e8re. D\u00e9couvrez cette bi\u00e8re en hommage \u00e0 notre ami Martin et son amour pour la bi\u00e8re et les soir\u00e9es.","_seopress_robots_index":"","ocean_post_layout":"","ocean_both_sidebars_style":"","ocean_both_sidebars_content_width":0,"ocean_both_sidebars_sidebars_width":0,"ocean_sidebar":"0","ocean_second_sidebar":"0","ocean_disable_margins":"enable","ocean_add_body_class":"","ocean_shortcode_before_top_bar":"","ocean_shortcode_after_top_bar":"","ocean_shortcode_before_header":"","ocean_shortcode_after_header":"","ocean_has_shortcode":"","ocean_shortcode_after_title":"","ocean_shortcode_before_footer_widgets":"","ocean_shortcode_after_footer_widgets":"","ocean_shortcode_before_footer_bottom":"","ocean_shortcode_after_footer_bottom":"","ocean_display_top_bar":"default","ocean_display_header":"default","ocean_header_style":"","ocean_center_header_left_menu":"0","ocean_custom_header_template":"0","ocean_custom_logo":0,"ocean_custom_retina_logo":0,"ocean_custom_logo_max_width":0,"ocean_custom_logo_tablet_max_width":0,"ocean_custom_logo_mobile_max_width":0,"ocean_custom_logo_max_height":0,"ocean_custom_logo_tablet_max_height":0,"ocean_custom_logo_mobile_max_height":0,"ocean_header_custom_menu":"0","ocean_menu_typo_font_family":"0","ocean_menu_typo_font_subset":"","ocean_menu_typo_font_size":0,"ocean_menu_typo_font_size_tablet":0,"ocean_menu_typo_font_size_mobile":0,"ocean_menu_typo_font_size_unit":"px","ocean_menu_typo_font_weight":"","ocean_menu_typo_font_weight_tablet":"","ocean_menu_typo_font_weight_mobile":"","ocean_menu_typo_transform":"","ocean_menu_typo_transform_tablet":"","ocean_menu_typo_transform_mobile":"","ocean_menu_typo_line_height":0,"ocean_menu_typo_line_height_tablet":0,"ocean_menu_typo_line_height_mobile":0,"ocean_menu_typo_line_height_unit":"","ocean_menu_typo_spacing":0,"ocean_menu_typo_spacing_tablet":0,"ocean_menu_typo_spacing_mobile":0,"ocean_menu_typo_spacing_unit":"","ocean_menu_link_color":"","ocean_menu_link_color_hover":"","ocean_menu_link_color_active":"","ocean_menu_link_background":"","ocean_menu_link_hover_background":"","ocean_menu_link_active_background":"","ocean_menu_social_links_bg":"","ocean_menu_social_hover_links_bg":"","ocean_menu_social_links_color":"","ocean_menu_social_hover_links_color":"","ocean_disable_title":"default","ocean_disable_heading":"default","ocean_post_title":"","ocean_post_subheading":"","ocean_post_title_style":"","ocean_post_title_background_color":"","ocean_post_title_background":0,"ocean_post_title_bg_image_position":"","ocean_post_title_bg_image_attachment":"","ocean_post_title_bg_image_repeat":"","ocean_post_title_bg_image_size":"","ocean_post_title_height":0,"ocean_post_title_bg_overlay":0.5,"ocean_post_title_bg_overlay_color":"","ocean_disable_breadcrumbs":"default","ocean_breadcrumbs_color":"","ocean_breadcrumbs_separator_color":"","ocean_breadcrumbs_links_color":"","ocean_breadcrumbs_links_hover_color":"","ocean_display_footer_widgets":"default","ocean_display_footer_bottom":"default","ocean_custom_footer_template":"0","footnotes":""},"class_list":["post-1038","page","type-page","status-publish","hentry","entry"],"_links":{"self":[{"href":"https:\/\/www.lelabodubrasseur.com\/index.php\/wp-json\/wp\/v2\/pages\/1038","targetHints":{"allow":["GET"]}}],"collection":[{"href":"https:\/\/www.lelabodubrasseur.com\/index.php\/wp-json\/wp\/v2\/pages"}],"about":[{"href":"https:\/\/www.lelabodubrasseur.com\/index.php\/wp-json\/wp\/v2\/types\/page"}],"author":[{"embeddable":true,"href":"https:\/\/www.lelabodubrasseur.com\/index.php\/wp-json\/wp\/v2\/users\/1"}],"replies":[{"embeddable":true,"href":"https:\/\/www.lelabodubrasseur.com\/index.php\/wp-json\/wp\/v2\/comments?post=1038"}],"version-history":[{"count":5,"href":"https:\/\/www.lelabodubrasseur.com\/index.php\/wp-json\/wp\/v2\/pages\/1038\/revisions"}],"predecessor-version":[{"id":1045,"href":"https:\/\/www.lelabodubrasseur.com\/index.php\/wp-json\/wp\/v2\/pages\/1038\/revisions\/1045"}],"wp:attachment":[{"href":"https:\/\/www.lelabodubrasseur.com\/index.php\/wp-json\/wp\/v2\/media?parent=1038"}],"curies":[{"name":"wp","href":"https:\/\/api.w.org\/{rel}","templated":true}]}}