{"id":1213,"date":"2023-03-10T18:55:37","date_gmt":"2023-03-10T17:55:37","guid":{"rendered":"http:\/\/www.lelabodubrasseur.com\/?page_id=1213"},"modified":"2023-09-27T11:11:24","modified_gmt":"2023-09-27T15:11:24","slug":"moscow-mule-rhum","status":"publish","type":"page","link":"https:\/\/www.lelabodubrasseur.com\/index.php\/moscow-mule-rhum\/","title":{"rendered":"Moscow Mule (rhum)"},"content":{"rendered":"\t\t<div data-elementor-type=\"wp-page\" data-elementor-id=\"1213\" class=\"elementor elementor-1213\" data-elementor-post-type=\"page\">\n\t\t\t\t\t\t<section class=\"elementor-section elementor-top-section elementor-element elementor-element-dca25a1 elementor-section-boxed elementor-section-height-default elementor-section-height-default\" data-id=\"dca25a1\" data-element_type=\"section\" data-e-type=\"section\">\n\t\t\t\t\t\t<div class=\"elementor-container elementor-column-gap-default\">\n\t\t\t\t\t<div class=\"elementor-column elementor-col-100 elementor-top-column elementor-element elementor-element-1c8134a\" data-id=\"1c8134a\" data-element_type=\"column\" data-e-type=\"column\">\n\t\t\t<div class=\"elementor-widget-wrap elementor-element-populated\">\n\t\t\t\t\t\t<div class=\"elementor-element elementor-element-21c266d elementor-widget elementor-widget-heading\" data-id=\"21c266d\" data-element_type=\"widget\" data-e-type=\"widget\" data-widget_type=\"heading.default\">\n\t\t\t\t<div class=\"elementor-widget-container\">\n\t\t\t\t\t<h1 class=\"elementor-heading-title elementor-size-xxl\">Moscow Mule (rhum)<\/h1>\t\t\t\t<\/div>\n\t\t\t\t<\/div>\n\t\t\t\t\t<\/div>\n\t\t<\/div>\n\t\t\t\t\t<\/div>\n\t\t<\/section>\n\t\t\t\t<section class=\"elementor-section elementor-top-section elementor-element elementor-element-8cc52d4 elementor-section-boxed elementor-section-height-default elementor-section-height-default\" data-id=\"8cc52d4\" data-element_type=\"section\" data-e-type=\"section\">\n\t\t\t\t\t\t<div class=\"elementor-container elementor-column-gap-default\">\n\t\t\t\t\t<div class=\"elementor-column elementor-col-100 elementor-top-column elementor-element elementor-element-96a8b33\" data-id=\"96a8b33\" data-element_type=\"column\" data-e-type=\"column\">\n\t\t\t<div class=\"elementor-widget-wrap elementor-element-populated\">\n\t\t\t\t\t\t<div class=\"elementor-element elementor-element-9068848 elementor-widget elementor-widget-image\" data-id=\"9068848\" data-element_type=\"widget\" data-e-type=\"widget\" data-widget_type=\"image.default\">\n\t\t\t\t<div class=\"elementor-widget-container\">\n\t\t\t\t\t\t\t\t\t\t\t\t\t\t\t<img fetchpriority=\"high\" decoding=\"async\" width=\"768\" height=\"1152\" src=\"https:\/\/www.lelabodubrasseur.com\/wp-content\/uploads\/2023\/09\/0H5A3531-768x1152.jpg\" class=\"attachment-medium_large size-medium_large wp-image-1773\" alt=\"\" srcset=\"https:\/\/www.lelabodubrasseur.com\/wp-content\/uploads\/2023\/09\/0H5A3531-768x1152.jpg 768w, https:\/\/www.lelabodubrasseur.com\/wp-content\/uploads\/2023\/09\/0H5A3531-200x300.jpg 200w, https:\/\/www.lelabodubrasseur.com\/wp-content\/uploads\/2023\/09\/0H5A3531-683x1024.jpg 683w, https:\/\/www.lelabodubrasseur.com\/wp-content\/uploads\/2023\/09\/0H5A3531-1024x1536.jpg 1024w, https:\/\/www.lelabodubrasseur.com\/wp-content\/uploads\/2023\/09\/0H5A3531-1365x2048.jpg 1365w, https:\/\/www.lelabodubrasseur.com\/wp-content\/uploads\/2023\/09\/0H5A3531-scaled.jpg 1707w\" sizes=\"(max-width: 768px) 100vw, 768px\" \/>\t\t\t\t\t\t\t\t\t\t\t\t\t\t\t<\/div>\n\t\t\t\t<\/div>\n\t\t\t\t\t<\/div>\n\t\t<\/div>\n\t\t\t\t\t<\/div>\n\t\t<\/section>\n\t\t\t\t<section class=\"elementor-section elementor-top-section elementor-element elementor-element-965f444 elementor-section-boxed elementor-section-height-default elementor-section-height-default\" data-id=\"965f444\" data-element_type=\"section\" data-e-type=\"section\">\n\t\t\t\t\t\t<div class=\"elementor-container elementor-column-gap-default\">\n\t\t\t\t\t<div class=\"elementor-column elementor-col-100 elementor-top-column elementor-element elementor-element-89abcb6\" data-id=\"89abcb6\" data-element_type=\"column\" data-e-type=\"column\">\n\t\t\t<div class=\"elementor-widget-wrap elementor-element-populated\">\n\t\t\t\t\t\t<div class=\"elementor-element elementor-element-de7c9dc elementor-widget elementor-widget-text-editor\" data-id=\"de7c9dc\" data-element_type=\"widget\" data-e-type=\"widget\" data-widget_type=\"text-editor.default\">\n\t\t\t\t<div class=\"elementor-widget-container\">\n\t\t\t\t\t\t\t\t\t<p>Le Moscow Mule \u00e0 base de rhum est une variante plus sucr\u00e9e et plus complexe du classique Moscow Mule \u00e0 base de vodka. Il est fait avec du rhum Demerara, de la bi\u00e8re de gingembre, du jus de lime et des bitters.<\/p><p>Lorsque vous prenez une gorg\u00e9e de Moscow Mule \u00e0 base de rhum, vous pouvez d&rsquo;abord sentir la chaleur douce et sucr\u00e9e du rhum Demerara, qui est renforc\u00e9e par les saveurs sucr\u00e9es et \u00e9pic\u00e9es de la bi\u00e8re de gingembre. Le jus de lime apporte une touche d&rsquo;acidit\u00e9 et d&rsquo;agrumes, tandis que les bitters ajoutent une touche d&rsquo;amertume et de profondeur.<\/p><p>En termes d&rsquo;intensit\u00e9 alcoolique, le Moscow Mule \u00e0 base de rhum peut \u00eatre consid\u00e9r\u00e9 comme une boisson mod\u00e9r\u00e9e \u00e0 forte. Il est important de le consommer avec mod\u00e9ration et de toujours respecter les limites d&rsquo;alcool\u00e9mie.<\/p><p>Le Moscow Mule \u00e0 base de rhum est souvent servi dans un verre en cuivre, qui ajoute \u00e0 l&rsquo;exp\u00e9rience visuelle et gustative du cocktail. Il est un choix parfait pour les amateurs de rhum et de boissons \u00e9pic\u00e9es.<\/p><p>En somme, le Moscow Mule \u00e0 base de rhum est un cocktail d\u00e9licieux et sophistiqu\u00e9, qui est id\u00e9al pour ceux qui cherchent une boisson stimulante et \u00e9pic\u00e9e pour la soir\u00e9e. Il est d\u00e9finitivement recommand\u00e9 pour les amateurs de rhum et de boissons \u00e0 base de gingembre.<\/p>\t\t\t\t\t\t\t\t<\/div>\n\t\t\t\t<\/div>\n\t\t\t\t\t<\/div>\n\t\t<\/div>\n\t\t\t\t\t<\/div>\n\t\t<\/section>\n\t\t\t\t<\/div>\n\t\t","protected":false},"excerpt":{"rendered":"<p>Moscow Mule (rhum) Le Moscow Mule \u00e0 base de rhum est une variante plus sucr\u00e9e et plus complexe du classique Moscow Mule \u00e0 base de vodka. Il est fait avec du rhum Demerara, de la bi\u00e8re de gingembre, du jus de lime et des bitters. Lorsque vous prenez une gorg\u00e9e de Moscow Mule \u00e0 base&#8230;<\/p>\n","protected":false},"author":1,"featured_media":0,"parent":0,"menu_order":0,"comment_status":"closed","ping_status":"closed","template":"","meta":{"_seopress_robots_primary_cat":"","_seopress_titles_title":"D\u00e9couvrez les d\u00e9licieuses recettes de cocktails \u00e0 essayer pour votre prochaine soir\u00e9e","_seopress_titles_desc":"Vous cherchez des id\u00e9es de cocktails pour votre prochaine soir\u00e9e ? D\u00e9couvrez des recettes classiques et originales pour tous les go\u00fbts, des Daiquiris rafra\u00eechissants aux Moscow Mules \u00e9pic\u00e9s, en passant par les Old Fashioneds \u00e9l\u00e9gants et les Blue Hawaiians exotiques.","_seopress_robots_index":"","ocean_post_layout":"","ocean_both_sidebars_style":"","ocean_both_sidebars_content_width":0,"ocean_both_sidebars_sidebars_width":0,"ocean_sidebar":"0","ocean_second_sidebar":"0","ocean_disable_margins":"enable","ocean_add_body_class":"","ocean_shortcode_before_top_bar":"","ocean_shortcode_after_top_bar":"","ocean_shortcode_before_header":"","ocean_shortcode_after_header":"","ocean_has_shortcode":"","ocean_shortcode_after_title":"","ocean_shortcode_before_footer_widgets":"","ocean_shortcode_after_footer_widgets":"","ocean_shortcode_before_footer_bottom":"","ocean_shortcode_after_footer_bottom":"","ocean_display_top_bar":"default","ocean_display_header":"default","ocean_header_style":"","ocean_center_header_left_menu":"0","ocean_custom_header_template":"0","ocean_custom_logo":0,"ocean_custom_retina_logo":0,"ocean_custom_logo_max_width":0,"ocean_custom_logo_tablet_max_width":0,"ocean_custom_logo_mobile_max_width":0,"ocean_custom_logo_max_height":0,"ocean_custom_logo_tablet_max_height":0,"ocean_custom_logo_mobile_max_height":0,"ocean_header_custom_menu":"0","ocean_menu_typo_font_family":"0","ocean_menu_typo_font_subset":"","ocean_menu_typo_font_size":0,"ocean_menu_typo_font_size_tablet":0,"ocean_menu_typo_font_size_mobile":0,"ocean_menu_typo_font_size_unit":"px","ocean_menu_typo_font_weight":"","ocean_menu_typo_font_weight_tablet":"","ocean_menu_typo_font_weight_mobile":"","ocean_menu_typo_transform":"","ocean_menu_typo_transform_tablet":"","ocean_menu_typo_transform_mobile":"","ocean_menu_typo_line_height":0,"ocean_menu_typo_line_height_tablet":0,"ocean_menu_typo_line_height_mobile":0,"ocean_menu_typo_line_height_unit":"","ocean_menu_typo_spacing":0,"ocean_menu_typo_spacing_tablet":0,"ocean_menu_typo_spacing_mobile":0,"ocean_menu_typo_spacing_unit":"","ocean_menu_link_color":"","ocean_menu_link_color_hover":"","ocean_menu_link_color_active":"","ocean_menu_link_background":"","ocean_menu_link_hover_background":"","ocean_menu_link_active_background":"","ocean_menu_social_links_bg":"","ocean_menu_social_hover_links_bg":"","ocean_menu_social_links_color":"","ocean_menu_social_hover_links_color":"","ocean_disable_title":"default","ocean_disable_heading":"default","ocean_post_title":"","ocean_post_subheading":"","ocean_post_title_style":"","ocean_post_title_background_color":"","ocean_post_title_background":0,"ocean_post_title_bg_image_position":"","ocean_post_title_bg_image_attachment":"","ocean_post_title_bg_image_repeat":"","ocean_post_title_bg_image_size":"","ocean_post_title_height":0,"ocean_post_title_bg_overlay":0.5,"ocean_post_title_bg_overlay_color":"","ocean_disable_breadcrumbs":"default","ocean_breadcrumbs_color":"","ocean_breadcrumbs_separator_color":"","ocean_breadcrumbs_links_color":"","ocean_breadcrumbs_links_hover_color":"","ocean_display_footer_widgets":"default","ocean_display_footer_bottom":"default","ocean_custom_footer_template":"0","footnotes":""},"class_list":["post-1213","page","type-page","status-publish","hentry","entry"],"_links":{"self":[{"href":"https:\/\/www.lelabodubrasseur.com\/index.php\/wp-json\/wp\/v2\/pages\/1213","targetHints":{"allow":["GET"]}}],"collection":[{"href":"https:\/\/www.lelabodubrasseur.com\/index.php\/wp-json\/wp\/v2\/pages"}],"about":[{"href":"https:\/\/www.lelabodubrasseur.com\/index.php\/wp-json\/wp\/v2\/types\/page"}],"author":[{"embeddable":true,"href":"https:\/\/www.lelabodubrasseur.com\/index.php\/wp-json\/wp\/v2\/users\/1"}],"replies":[{"embeddable":true,"href":"https:\/\/www.lelabodubrasseur.com\/index.php\/wp-json\/wp\/v2\/comments?post=1213"}],"version-history":[{"count":16,"href":"https:\/\/www.lelabodubrasseur.com\/index.php\/wp-json\/wp\/v2\/pages\/1213\/revisions"}],"predecessor-version":[{"id":1842,"href":"https:\/\/www.lelabodubrasseur.com\/index.php\/wp-json\/wp\/v2\/pages\/1213\/revisions\/1842"}],"wp:attachment":[{"href":"https:\/\/www.lelabodubrasseur.com\/index.php\/wp-json\/wp\/v2\/media?parent=1213"}],"curies":[{"name":"wp","href":"https:\/\/api.w.org\/{rel}","templated":true}]}}