{"id":1242,"date":"2023-03-10T19:07:01","date_gmt":"2023-03-10T18:07:01","guid":{"rendered":"http:\/\/www.lelabodubrasseur.com\/?page_id=1242"},"modified":"2023-09-27T11:07:21","modified_gmt":"2023-09-27T15:07:21","slug":"kentucky-colonel-cocktail","status":"publish","type":"page","link":"https:\/\/www.lelabodubrasseur.com\/index.php\/kentucky-colonel-cocktail\/","title":{"rendered":"Kentucky Colonel Cocktail"},"content":{"rendered":"\t\t<div data-elementor-type=\"wp-page\" data-elementor-id=\"1242\" class=\"elementor elementor-1242\" data-elementor-post-type=\"page\">\n\t\t\t\t\t\t<section class=\"elementor-section elementor-top-section elementor-element elementor-element-32ba9d7 elementor-section-boxed elementor-section-height-default elementor-section-height-default\" data-id=\"32ba9d7\" data-element_type=\"section\" data-e-type=\"section\">\n\t\t\t\t\t\t<div class=\"elementor-container elementor-column-gap-default\">\n\t\t\t\t\t<div class=\"elementor-column elementor-col-100 elementor-top-column elementor-element elementor-element-7001193\" data-id=\"7001193\" data-element_type=\"column\" data-e-type=\"column\">\n\t\t\t<div class=\"elementor-widget-wrap elementor-element-populated\">\n\t\t\t\t\t\t<div class=\"elementor-element elementor-element-9895d6b elementor-widget elementor-widget-heading\" data-id=\"9895d6b\" data-element_type=\"widget\" data-e-type=\"widget\" data-widget_type=\"heading.default\">\n\t\t\t\t<div class=\"elementor-widget-container\">\n\t\t\t\t\t<h2 class=\"elementor-heading-title elementor-size-xxl\">Kentucky Colonel Cocktail<\/h2>\t\t\t\t<\/div>\n\t\t\t\t<\/div>\n\t\t\t\t\t<\/div>\n\t\t<\/div>\n\t\t\t\t\t<\/div>\n\t\t<\/section>\n\t\t\t\t<section class=\"elementor-section elementor-top-section elementor-element elementor-element-c983368 elementor-section-boxed elementor-section-height-default elementor-section-height-default\" data-id=\"c983368\" data-element_type=\"section\" data-e-type=\"section\">\n\t\t\t\t\t\t<div class=\"elementor-container elementor-column-gap-default\">\n\t\t\t\t\t<div class=\"elementor-column elementor-col-100 elementor-top-column elementor-element elementor-element-f3468f2\" data-id=\"f3468f2\" data-element_type=\"column\" data-e-type=\"column\">\n\t\t\t<div class=\"elementor-widget-wrap elementor-element-populated\">\n\t\t\t\t\t\t<div class=\"elementor-element elementor-element-78fb946 elementor-widget elementor-widget-text-editor\" data-id=\"78fb946\" data-element_type=\"widget\" data-e-type=\"widget\" data-widget_type=\"text-editor.default\">\n\t\t\t\t<div class=\"elementor-widget-container\">\n\t\t\t\t\t\t\t\t\t<p>Le Kentucky Colonel Cocktail est un cocktail sophistiqu\u00e9 \u00e0 base de bourbon, de B\u00e9n\u00e9dictine et de bitters. Il est fait avec du bourbon, de la B\u00e9n\u00e9dictine et des bitters.<\/p><p>Lorsque vous prenez une gorg\u00e9e du Kentucky Colonel Cocktail, vous pouvez d&rsquo;abord sentir la puissance du bourbon, qui est adoucie par la B\u00e9n\u00e9dictine douce et fruit\u00e9e. Les bitters ajoutent une touche d&rsquo;amertume et de profondeur, qui renforce le go\u00fbt unique et sophistiqu\u00e9 du cocktail.<\/p><p>En termes d&rsquo;intensit\u00e9 alcoolique, le Kentucky Colonel Cocktail peut \u00eatre consid\u00e9r\u00e9 comme une boisson mod\u00e9r\u00e9e \u00e0 forte. Il est important de le consommer avec mod\u00e9ration et de toujours respecter les limites d&rsquo;alcool\u00e9mie.<\/p><p>Le Kentucky Colonel Cocktail est souvent associ\u00e9 \u00e0 des soir\u00e9es \u00e9l\u00e9gantes et sophistiqu\u00e9es. C&rsquo;est un choix parfait pour les amateurs de bourbon et de boissons douces et fruit\u00e9es, qui cherchent une exp\u00e9rience de d\u00e9gustation unique et sophistiqu\u00e9e.<\/p><p>En somme, le Kentucky Colonel Cocktail est un cocktail d\u00e9licieux et sophistiqu\u00e9, qui offre une exp\u00e9rience de d\u00e9gustation fruit\u00e9e et \u00e9quilibr\u00e9e. Il est d\u00e9finitivement recommand\u00e9 pour les amateurs de bourbon et de boissons douces et fruit\u00e9es.<\/p>\t\t\t\t\t\t\t\t<\/div>\n\t\t\t\t<\/div>\n\t\t\t\t\t<\/div>\n\t\t<\/div>\n\t\t\t\t\t<\/div>\n\t\t<\/section>\n\t\t\t\t<section class=\"elementor-section elementor-top-section elementor-element elementor-element-1b2f72b elementor-section-boxed elementor-section-height-default elementor-section-height-default\" data-id=\"1b2f72b\" data-element_type=\"section\" data-e-type=\"section\">\n\t\t\t\t\t\t<div class=\"elementor-container elementor-column-gap-default\">\n\t\t\t\t\t<div class=\"elementor-column elementor-col-100 elementor-top-column elementor-element elementor-element-f8bfb75\" data-id=\"f8bfb75\" data-element_type=\"column\" data-e-type=\"column\">\n\t\t\t<div class=\"elementor-widget-wrap elementor-element-populated\">\n\t\t\t\t\t\t<div class=\"elementor-element elementor-element-7a1b3ab elementor-widget elementor-widget-image\" data-id=\"7a1b3ab\" data-element_type=\"widget\" data-e-type=\"widget\" data-widget_type=\"image.default\">\n\t\t\t\t<div class=\"elementor-widget-container\">\n\t\t\t\t\t\t\t\t\t\t\t\t\t\t\t<img fetchpriority=\"high\" decoding=\"async\" width=\"683\" height=\"1024\" src=\"https:\/\/www.lelabodubrasseur.com\/wp-content\/uploads\/2023\/09\/IMG_0585-683x1024.jpeg\" class=\"attachment-large size-large wp-image-1780\" alt=\"\" srcset=\"https:\/\/www.lelabodubrasseur.com\/wp-content\/uploads\/2023\/09\/IMG_0585-683x1024.jpeg 683w, https:\/\/www.lelabodubrasseur.com\/wp-content\/uploads\/2023\/09\/IMG_0585-200x300.jpeg 200w, https:\/\/www.lelabodubrasseur.com\/wp-content\/uploads\/2023\/09\/IMG_0585-768x1152.jpeg 768w, https:\/\/www.lelabodubrasseur.com\/wp-content\/uploads\/2023\/09\/IMG_0585-1024x1536.jpeg 1024w, https:\/\/www.lelabodubrasseur.com\/wp-content\/uploads\/2023\/09\/IMG_0585-1365x2048.jpeg 1365w, https:\/\/www.lelabodubrasseur.com\/wp-content\/uploads\/2023\/09\/IMG_0585-scaled.jpeg 1707w\" sizes=\"(max-width: 683px) 100vw, 683px\" \/>\t\t\t\t\t\t\t\t\t\t\t\t\t\t\t<\/div>\n\t\t\t\t<\/div>\n\t\t\t\t\t<\/div>\n\t\t<\/div>\n\t\t\t\t\t<\/div>\n\t\t<\/section>\n\t\t\t\t<\/div>\n\t\t","protected":false},"excerpt":{"rendered":"<p>Kentucky Colonel Cocktail Le Kentucky Colonel Cocktail est un cocktail sophistiqu\u00e9 \u00e0 base de bourbon, de B\u00e9n\u00e9dictine et de bitters. Il est fait avec du bourbon, de la B\u00e9n\u00e9dictine et des bitters. Lorsque vous prenez une gorg\u00e9e du Kentucky Colonel Cocktail, vous pouvez d&rsquo;abord sentir la puissance du bourbon, qui est adoucie par la B\u00e9n\u00e9dictine&#8230;<\/p>\n","protected":false},"author":1,"featured_media":0,"parent":0,"menu_order":0,"comment_status":"closed","ping_status":"closed","template":"","meta":{"_seopress_robots_primary_cat":"","_seopress_titles_title":"Kentucky Colonel Cocktail - un cocktail sophistiqu\u00e9 \u00e0 base de bourbon et de B\u00e9n\u00e9dictine","_seopress_titles_desc":"D\u00e9couvrez le Kentucky Colonel Cocktail, un cocktail sophistiqu\u00e9 \u00e0 base de bourbon, de B\u00e9n\u00e9dictine et de bitters. Savourez la puissance du bourbon adoucie par la douceur fruit\u00e9e de la B\u00e9n\u00e9dictine et la touche d'amertume des bitters.","_seopress_robots_index":"","ocean_post_layout":"","ocean_both_sidebars_style":"","ocean_both_sidebars_content_width":0,"ocean_both_sidebars_sidebars_width":0,"ocean_sidebar":"0","ocean_second_sidebar":"0","ocean_disable_margins":"enable","ocean_add_body_class":"","ocean_shortcode_before_top_bar":"","ocean_shortcode_after_top_bar":"","ocean_shortcode_before_header":"","ocean_shortcode_after_header":"","ocean_has_shortcode":"","ocean_shortcode_after_title":"","ocean_shortcode_before_footer_widgets":"","ocean_shortcode_after_footer_widgets":"","ocean_shortcode_before_footer_bottom":"","ocean_shortcode_after_footer_bottom":"","ocean_display_top_bar":"default","ocean_display_header":"default","ocean_header_style":"","ocean_center_header_left_menu":"0","ocean_custom_header_template":"0","ocean_custom_logo":0,"ocean_custom_retina_logo":0,"ocean_custom_logo_max_width":0,"ocean_custom_logo_tablet_max_width":0,"ocean_custom_logo_mobile_max_width":0,"ocean_custom_logo_max_height":0,"ocean_custom_logo_tablet_max_height":0,"ocean_custom_logo_mobile_max_height":0,"ocean_header_custom_menu":"0","ocean_menu_typo_font_family":"0","ocean_menu_typo_font_subset":"","ocean_menu_typo_font_size":0,"ocean_menu_typo_font_size_tablet":0,"ocean_menu_typo_font_size_mobile":0,"ocean_menu_typo_font_size_unit":"px","ocean_menu_typo_font_weight":"","ocean_menu_typo_font_weight_tablet":"","ocean_menu_typo_font_weight_mobile":"","ocean_menu_typo_transform":"","ocean_menu_typo_transform_tablet":"","ocean_menu_typo_transform_mobile":"","ocean_menu_typo_line_height":0,"ocean_menu_typo_line_height_tablet":0,"ocean_menu_typo_line_height_mobile":0,"ocean_menu_typo_line_height_unit":"","ocean_menu_typo_spacing":0,"ocean_menu_typo_spacing_tablet":0,"ocean_menu_typo_spacing_mobile":0,"ocean_menu_typo_spacing_unit":"","ocean_menu_link_color":"","ocean_menu_link_color_hover":"","ocean_menu_link_color_active":"","ocean_menu_link_background":"","ocean_menu_link_hover_background":"","ocean_menu_link_active_background":"","ocean_menu_social_links_bg":"","ocean_menu_social_hover_links_bg":"","ocean_menu_social_links_color":"","ocean_menu_social_hover_links_color":"","ocean_disable_title":"default","ocean_disable_heading":"default","ocean_post_title":"","ocean_post_subheading":"","ocean_post_title_style":"","ocean_post_title_background_color":"","ocean_post_title_background":0,"ocean_post_title_bg_image_position":"","ocean_post_title_bg_image_attachment":"","ocean_post_title_bg_image_repeat":"","ocean_post_title_bg_image_size":"","ocean_post_title_height":0,"ocean_post_title_bg_overlay":0.5,"ocean_post_title_bg_overlay_color":"","ocean_disable_breadcrumbs":"default","ocean_breadcrumbs_color":"","ocean_breadcrumbs_separator_color":"","ocean_breadcrumbs_links_color":"","ocean_breadcrumbs_links_hover_color":"","ocean_display_footer_widgets":"default","ocean_display_footer_bottom":"default","ocean_custom_footer_template":"0","footnotes":""},"class_list":["post-1242","page","type-page","status-publish","hentry","entry"],"_links":{"self":[{"href":"https:\/\/www.lelabodubrasseur.com\/index.php\/wp-json\/wp\/v2\/pages\/1242","targetHints":{"allow":["GET"]}}],"collection":[{"href":"https:\/\/www.lelabodubrasseur.com\/index.php\/wp-json\/wp\/v2\/pages"}],"about":[{"href":"https:\/\/www.lelabodubrasseur.com\/index.php\/wp-json\/wp\/v2\/types\/page"}],"author":[{"embeddable":true,"href":"https:\/\/www.lelabodubrasseur.com\/index.php\/wp-json\/wp\/v2\/users\/1"}],"replies":[{"embeddable":true,"href":"https:\/\/www.lelabodubrasseur.com\/index.php\/wp-json\/wp\/v2\/comments?post=1242"}],"version-history":[{"count":12,"href":"https:\/\/www.lelabodubrasseur.com\/index.php\/wp-json\/wp\/v2\/pages\/1242\/revisions"}],"predecessor-version":[{"id":1831,"href":"https:\/\/www.lelabodubrasseur.com\/index.php\/wp-json\/wp\/v2\/pages\/1242\/revisions\/1831"}],"wp:attachment":[{"href":"https:\/\/www.lelabodubrasseur.com\/index.php\/wp-json\/wp\/v2\/media?parent=1242"}],"curies":[{"name":"wp","href":"https:\/\/api.w.org\/{rel}","templated":true}]}}