{"id":1257,"date":"2023-03-10T19:37:08","date_gmt":"2023-03-10T18:37:08","guid":{"rendered":"http:\/\/www.lelabodubrasseur.com\/?page_id=1257"},"modified":"2023-09-27T11:05:32","modified_gmt":"2023-09-27T15:05:32","slug":"amaretto-sour","status":"publish","type":"page","link":"https:\/\/www.lelabodubrasseur.com\/index.php\/amaretto-sour\/","title":{"rendered":"Amaretto Sour"},"content":{"rendered":"\t\t<div data-elementor-type=\"wp-page\" data-elementor-id=\"1257\" class=\"elementor elementor-1257\" data-elementor-post-type=\"page\">\n\t\t\t\t\t\t<section class=\"elementor-section elementor-top-section elementor-element elementor-element-acc574f elementor-section-boxed elementor-section-height-default elementor-section-height-default\" data-id=\"acc574f\" data-element_type=\"section\" data-e-type=\"section\">\n\t\t\t\t\t\t<div class=\"elementor-container elementor-column-gap-default\">\n\t\t\t\t\t<div class=\"elementor-column elementor-col-100 elementor-top-column elementor-element elementor-element-9c8b090\" data-id=\"9c8b090\" data-element_type=\"column\" data-e-type=\"column\">\n\t\t\t<div class=\"elementor-widget-wrap elementor-element-populated\">\n\t\t\t\t\t\t<div class=\"elementor-element elementor-element-a8451ca elementor-widget elementor-widget-heading\" data-id=\"a8451ca\" data-element_type=\"widget\" data-e-type=\"widget\" data-widget_type=\"heading.default\">\n\t\t\t\t<div class=\"elementor-widget-container\">\n\t\t\t\t\t<h1 class=\"elementor-heading-title elementor-size-xxl\">Amaretto Sour<\/h1>\t\t\t\t<\/div>\n\t\t\t\t<\/div>\n\t\t\t\t\t<\/div>\n\t\t<\/div>\n\t\t\t\t\t<\/div>\n\t\t<\/section>\n\t\t\t\t<section class=\"elementor-section elementor-top-section elementor-element elementor-element-082a814 elementor-section-boxed elementor-section-height-default elementor-section-height-default\" data-id=\"082a814\" data-element_type=\"section\" data-e-type=\"section\">\n\t\t\t\t\t\t<div class=\"elementor-container elementor-column-gap-default\">\n\t\t\t\t\t<div class=\"elementor-column elementor-col-100 elementor-top-column elementor-element elementor-element-9e35751\" data-id=\"9e35751\" data-element_type=\"column\" data-e-type=\"column\">\n\t\t\t<div class=\"elementor-widget-wrap elementor-element-populated\">\n\t\t\t\t\t\t<div class=\"elementor-element elementor-element-42c9d59 elementor-widget elementor-widget-image\" data-id=\"42c9d59\" data-element_type=\"widget\" data-e-type=\"widget\" data-widget_type=\"image.default\">\n\t\t\t\t<div class=\"elementor-widget-container\">\n\t\t\t\t\t\t\t\t\t\t\t\t\t\t\t<img fetchpriority=\"high\" decoding=\"async\" width=\"683\" height=\"1024\" src=\"https:\/\/www.lelabodubrasseur.com\/wp-content\/uploads\/2023\/09\/0H5A3369-683x1024.jpg\" class=\"attachment-large size-large wp-image-1781\" alt=\"\" srcset=\"https:\/\/www.lelabodubrasseur.com\/wp-content\/uploads\/2023\/09\/0H5A3369-683x1024.jpg 683w, https:\/\/www.lelabodubrasseur.com\/wp-content\/uploads\/2023\/09\/0H5A3369-200x300.jpg 200w, https:\/\/www.lelabodubrasseur.com\/wp-content\/uploads\/2023\/09\/0H5A3369-768x1152.jpg 768w, https:\/\/www.lelabodubrasseur.com\/wp-content\/uploads\/2023\/09\/0H5A3369-1024x1536.jpg 1024w, https:\/\/www.lelabodubrasseur.com\/wp-content\/uploads\/2023\/09\/0H5A3369-1365x2048.jpg 1365w, https:\/\/www.lelabodubrasseur.com\/wp-content\/uploads\/2023\/09\/0H5A3369-scaled.jpg 1707w\" sizes=\"(max-width: 683px) 100vw, 683px\" \/>\t\t\t\t\t\t\t\t\t\t\t\t\t\t\t<\/div>\n\t\t\t\t<\/div>\n\t\t\t\t\t<\/div>\n\t\t<\/div>\n\t\t\t\t\t<\/div>\n\t\t<\/section>\n\t\t\t\t<section class=\"elementor-section elementor-top-section elementor-element elementor-element-15808ed elementor-section-boxed elementor-section-height-default elementor-section-height-default\" data-id=\"15808ed\" data-element_type=\"section\" data-e-type=\"section\">\n\t\t\t\t\t\t<div class=\"elementor-container elementor-column-gap-default\">\n\t\t\t\t\t<div class=\"elementor-column elementor-col-100 elementor-top-column elementor-element elementor-element-7c77219\" data-id=\"7c77219\" data-element_type=\"column\" data-e-type=\"column\">\n\t\t\t<div class=\"elementor-widget-wrap elementor-element-populated\">\n\t\t\t\t\t\t<div class=\"elementor-element elementor-element-2105406 elementor-widget elementor-widget-text-editor\" data-id=\"2105406\" data-element_type=\"widget\" data-e-type=\"widget\" data-widget_type=\"text-editor.default\">\n\t\t\t\t<div class=\"elementor-widget-container\">\n\t\t\t\t\t\t\t\t\t<p>L&rsquo;Amaretto Sour est un cocktail sucr\u00e9 et acidul\u00e9, id\u00e9al pour les amateurs de boissons douces et fruit\u00e9es. Il est fait avec de l&rsquo;Amaretto, du jus de citron et du sirop simple.<\/p><p>Lorsque vous prenez une gorg\u00e9e de l&rsquo;Amaretto Sour, vous pouvez d&rsquo;abord sentir le go\u00fbt doux et fruit\u00e9 de l&rsquo;Amaretto, qui est renforc\u00e9 par le jus de citron acide et le sirop simple sucr\u00e9. Le m\u00e9lange de ces ingr\u00e9dients cr\u00e9e un cocktail \u00e9quilibr\u00e9 et rafra\u00eechissant.<\/p><p>En termes d&rsquo;intensit\u00e9 alcoolique, l&rsquo;Amaretto Sour peut \u00eatre consid\u00e9r\u00e9 comme une boisson mod\u00e9r\u00e9e \u00e0 forte. Il est important de le consommer avec mod\u00e9ration et de toujours respecter les limites d&rsquo;alcool\u00e9mie.<\/p><p>L&rsquo;Amaretto Sour est souvent associ\u00e9 \u00e0 des soir\u00e9es d\u00e9contract\u00e9es et \u00e0 la d\u00e9tente. C&rsquo;est un choix parfait pour les amateurs de boissons douces et fruit\u00e9es, qui cherchent une exp\u00e9rience de d\u00e9gustation unique et rafra\u00eechissante.<\/p><p>En somme, l&rsquo;Amaretto Sour est un cocktail d\u00e9licieux et rafra\u00eechissant, qui offre une exp\u00e9rience de d\u00e9gustation unique et \u00e9quilibr\u00e9e. Il est d\u00e9finitivement recommand\u00e9 pour les amateurs de boissons douces et fruit\u00e9es.<\/p>\t\t\t\t\t\t\t\t<\/div>\n\t\t\t\t<\/div>\n\t\t\t\t\t<\/div>\n\t\t<\/div>\n\t\t\t\t\t<\/div>\n\t\t<\/section>\n\t\t\t\t<\/div>\n\t\t","protected":false},"excerpt":{"rendered":"<p>Amaretto Sour L&rsquo;Amaretto Sour est un cocktail sucr\u00e9 et acidul\u00e9, id\u00e9al pour les amateurs de boissons douces et fruit\u00e9es. Il est fait avec de l&rsquo;Amaretto, du jus de citron et du sirop simple. Lorsque vous prenez une gorg\u00e9e de l&rsquo;Amaretto Sour, vous pouvez d&rsquo;abord sentir le go\u00fbt doux et fruit\u00e9 de l&rsquo;Amaretto, qui est renforc\u00e9&#8230;<\/p>\n","protected":false},"author":1,"featured_media":0,"parent":0,"menu_order":0,"comment_status":"closed","ping_status":"closed","template":"","meta":{"_seopress_robots_primary_cat":"","_seopress_titles_title":"D\u00e9couvrez l'Amaretto Sour, un cocktail doux et fruit\u00e9","_seopress_titles_desc":"L'Amaretto Sour est un cocktail sucr\u00e9 et acidul\u00e9, id\u00e9al pour les amateurs de boissons douces et fruit\u00e9es. Fait avec de l'Amaretto, du jus de citron et du sirop simple, il offre une exp\u00e9rience de d\u00e9gustation unique et rafra\u00eechissante.","_seopress_robots_index":"","ocean_post_layout":"","ocean_both_sidebars_style":"","ocean_both_sidebars_content_width":0,"ocean_both_sidebars_sidebars_width":0,"ocean_sidebar":"0","ocean_second_sidebar":"0","ocean_disable_margins":"enable","ocean_add_body_class":"","ocean_shortcode_before_top_bar":"","ocean_shortcode_after_top_bar":"","ocean_shortcode_before_header":"","ocean_shortcode_after_header":"","ocean_has_shortcode":"","ocean_shortcode_after_title":"","ocean_shortcode_before_footer_widgets":"","ocean_shortcode_after_footer_widgets":"","ocean_shortcode_before_footer_bottom":"","ocean_shortcode_after_footer_bottom":"","ocean_display_top_bar":"default","ocean_display_header":"default","ocean_header_style":"","ocean_center_header_left_menu":"0","ocean_custom_header_template":"0","ocean_custom_logo":0,"ocean_custom_retina_logo":0,"ocean_custom_logo_max_width":0,"ocean_custom_logo_tablet_max_width":0,"ocean_custom_logo_mobile_max_width":0,"ocean_custom_logo_max_height":0,"ocean_custom_logo_tablet_max_height":0,"ocean_custom_logo_mobile_max_height":0,"ocean_header_custom_menu":"0","ocean_menu_typo_font_family":"0","ocean_menu_typo_font_subset":"","ocean_menu_typo_font_size":0,"ocean_menu_typo_font_size_tablet":0,"ocean_menu_typo_font_size_mobile":0,"ocean_menu_typo_font_size_unit":"px","ocean_menu_typo_font_weight":"","ocean_menu_typo_font_weight_tablet":"","ocean_menu_typo_font_weight_mobile":"","ocean_menu_typo_transform":"","ocean_menu_typo_transform_tablet":"","ocean_menu_typo_transform_mobile":"","ocean_menu_typo_line_height":0,"ocean_menu_typo_line_height_tablet":0,"ocean_menu_typo_line_height_mobile":0,"ocean_menu_typo_line_height_unit":"","ocean_menu_typo_spacing":0,"ocean_menu_typo_spacing_tablet":0,"ocean_menu_typo_spacing_mobile":0,"ocean_menu_typo_spacing_unit":"","ocean_menu_link_color":"","ocean_menu_link_color_hover":"","ocean_menu_link_color_active":"","ocean_menu_link_background":"","ocean_menu_link_hover_background":"","ocean_menu_link_active_background":"","ocean_menu_social_links_bg":"","ocean_menu_social_hover_links_bg":"","ocean_menu_social_links_color":"","ocean_menu_social_hover_links_color":"","ocean_disable_title":"default","ocean_disable_heading":"default","ocean_post_title":"","ocean_post_subheading":"","ocean_post_title_style":"","ocean_post_title_background_color":"","ocean_post_title_background":0,"ocean_post_title_bg_image_position":"","ocean_post_title_bg_image_attachment":"","ocean_post_title_bg_image_repeat":"","ocean_post_title_bg_image_size":"","ocean_post_title_height":0,"ocean_post_title_bg_overlay":0.5,"ocean_post_title_bg_overlay_color":"","ocean_disable_breadcrumbs":"default","ocean_breadcrumbs_color":"","ocean_breadcrumbs_separator_color":"","ocean_breadcrumbs_links_color":"","ocean_breadcrumbs_links_hover_color":"","ocean_display_footer_widgets":"default","ocean_display_footer_bottom":"default","ocean_custom_footer_template":"0","footnotes":""},"class_list":["post-1257","page","type-page","status-publish","hentry","entry"],"_links":{"self":[{"href":"https:\/\/www.lelabodubrasseur.com\/index.php\/wp-json\/wp\/v2\/pages\/1257","targetHints":{"allow":["GET"]}}],"collection":[{"href":"https:\/\/www.lelabodubrasseur.com\/index.php\/wp-json\/wp\/v2\/pages"}],"about":[{"href":"https:\/\/www.lelabodubrasseur.com\/index.php\/wp-json\/wp\/v2\/types\/page"}],"author":[{"embeddable":true,"href":"https:\/\/www.lelabodubrasseur.com\/index.php\/wp-json\/wp\/v2\/users\/1"}],"replies":[{"embeddable":true,"href":"https:\/\/www.lelabodubrasseur.com\/index.php\/wp-json\/wp\/v2\/comments?post=1257"}],"version-history":[{"count":9,"href":"https:\/\/www.lelabodubrasseur.com\/index.php\/wp-json\/wp\/v2\/pages\/1257\/revisions"}],"predecessor-version":[{"id":1823,"href":"https:\/\/www.lelabodubrasseur.com\/index.php\/wp-json\/wp\/v2\/pages\/1257\/revisions\/1823"}],"wp:attachment":[{"href":"https:\/\/www.lelabodubrasseur.com\/index.php\/wp-json\/wp\/v2\/media?parent=1257"}],"curies":[{"name":"wp","href":"https:\/\/api.w.org\/{rel}","templated":true}]}}