{"id":1370,"date":"2023-03-12T15:41:07","date_gmt":"2023-03-12T14:41:07","guid":{"rendered":"http:\/\/www.lelabodubrasseur.com\/?page_id=1370"},"modified":"2023-03-12T15:43:07","modified_gmt":"2023-03-12T14:43:07","slug":"jungle-bird","status":"publish","type":"page","link":"https:\/\/www.lelabodubrasseur.com\/index.php\/jungle-bird\/","title":{"rendered":"Jungle Bird"},"content":{"rendered":"\t\t<div data-elementor-type=\"wp-page\" data-elementor-id=\"1370\" class=\"elementor elementor-1370\" data-elementor-post-type=\"page\">\n\t\t\t\t\t\t<section class=\"elementor-section elementor-top-section elementor-element elementor-element-68c6bc3 elementor-section-boxed elementor-section-height-default elementor-section-height-default\" data-id=\"68c6bc3\" data-element_type=\"section\" data-e-type=\"section\">\n\t\t\t\t\t\t<div class=\"elementor-container elementor-column-gap-default\">\n\t\t\t\t\t<div class=\"elementor-column elementor-col-100 elementor-top-column elementor-element elementor-element-35142e1\" data-id=\"35142e1\" data-element_type=\"column\" data-e-type=\"column\">\n\t\t\t<div class=\"elementor-widget-wrap elementor-element-populated\">\n\t\t\t\t\t\t<div class=\"elementor-element elementor-element-d4ef946 elementor-widget elementor-widget-heading\" data-id=\"d4ef946\" data-element_type=\"widget\" data-e-type=\"widget\" data-widget_type=\"heading.default\">\n\t\t\t\t<div class=\"elementor-widget-container\">\n\t\t\t\t\t<h2 class=\"elementor-heading-title elementor-size-xxl\">Jungle Bird<\/h2>\t\t\t\t<\/div>\n\t\t\t\t<\/div>\n\t\t\t\t\t<\/div>\n\t\t<\/div>\n\t\t\t\t\t<\/div>\n\t\t<\/section>\n\t\t\t\t<section class=\"elementor-section elementor-top-section elementor-element elementor-element-fa07fc8 elementor-section-boxed elementor-section-height-default elementor-section-height-default\" data-id=\"fa07fc8\" data-element_type=\"section\" data-e-type=\"section\">\n\t\t\t\t\t\t<div class=\"elementor-container elementor-column-gap-default\">\n\t\t\t\t\t<div class=\"elementor-column elementor-col-100 elementor-top-column elementor-element elementor-element-3225805\" data-id=\"3225805\" data-element_type=\"column\" data-e-type=\"column\">\n\t\t\t<div class=\"elementor-widget-wrap elementor-element-populated\">\n\t\t\t\t\t\t<div class=\"elementor-element elementor-element-20282a4 elementor-widget elementor-widget-image\" data-id=\"20282a4\" data-element_type=\"widget\" data-e-type=\"widget\" data-widget_type=\"image.default\">\n\t\t\t\t<div class=\"elementor-widget-container\">\n\t\t\t\t\t\t\t\t\t\t\t\t\t\t\t<img fetchpriority=\"high\" decoding=\"async\" width=\"200\" height=\"300\" src=\"https:\/\/www.lelabodubrasseur.com\/wp-content\/uploads\/2023\/03\/Jungle-bird-683x1024-1-200x300.jpg\" class=\"attachment-medium size-medium wp-image-728\" alt=\"\" srcset=\"https:\/\/www.lelabodubrasseur.com\/wp-content\/uploads\/2023\/03\/Jungle-bird-683x1024-1-200x300.jpg 200w, https:\/\/www.lelabodubrasseur.com\/wp-content\/uploads\/2023\/03\/Jungle-bird-683x1024-1.jpg 683w\" sizes=\"(max-width: 200px) 100vw, 200px\" \/>\t\t\t\t\t\t\t\t\t\t\t\t\t\t\t<\/div>\n\t\t\t\t<\/div>\n\t\t\t\t\t<\/div>\n\t\t<\/div>\n\t\t\t\t\t<\/div>\n\t\t<\/section>\n\t\t\t\t<section class=\"elementor-section elementor-top-section elementor-element elementor-element-68ad0dd elementor-section-boxed elementor-section-height-default elementor-section-height-default\" data-id=\"68ad0dd\" data-element_type=\"section\" data-e-type=\"section\">\n\t\t\t\t\t\t<div class=\"elementor-container elementor-column-gap-default\">\n\t\t\t\t\t<div class=\"elementor-column elementor-col-100 elementor-top-column elementor-element elementor-element-d619ddf\" data-id=\"d619ddf\" data-element_type=\"column\" data-e-type=\"column\">\n\t\t\t<div class=\"elementor-widget-wrap elementor-element-populated\">\n\t\t\t\t\t\t<div class=\"elementor-element elementor-element-0c63641 elementor-widget elementor-widget-text-editor\" data-id=\"0c63641\" data-element_type=\"widget\" data-e-type=\"widget\" data-widget_type=\"text-editor.default\">\n\t\t\t\t<div class=\"elementor-widget-container\">\n\t\t\t\t\t\t\t\t\t<p>Le Jungle Bird est un cocktail tropical et fruit\u00e9, souvent associ\u00e9 \u00e0 la tradition des cocktails tiki. Il est fait avec du rhum noir, du Campari, du jus de ananas, du jus de lime et du sirop de sucre de canne.<\/p><p>Lorsque vous prenez une gorg\u00e9e de Jungle Bird, vous pouvez d&rsquo;abord sentir les saveurs douces et fruit\u00e9es du jus de ananas et du sirop de sucre de canne. Le rhum noir apporte une puissance alcoolique suppl\u00e9mentaire, qui est adoucie par le Campari am\u00e8re et le jus de lime acidul\u00e9. Le m\u00e9lange de ces ingr\u00e9dients cr\u00e9e un cocktail tropical et rafra\u00eechissant, id\u00e9al pour les jours chauds et les soir\u00e9es d\u00e9tendues.<\/p><p>En termes d&rsquo;intensit\u00e9 alcoolique, le Jungle Bird peut \u00eatre consid\u00e9r\u00e9 comme une boisson mod\u00e9r\u00e9e \u00e0 forte. Il est important de le consommer avec mod\u00e9ration et de toujours respecter les limites d&rsquo;alcool\u00e9mie.<\/p><p>Le Jungle Bird est souvent associ\u00e9 \u00e0 des vacances tropicales et \u00e0 des soir\u00e9es en plein air. C&rsquo;est un choix parfait pour les amateurs de rhum et de cocktails tiki, qui cherchent une exp\u00e9rience de d\u00e9gustation unique et rafra\u00eechissante.<\/p><p>En somme, le Jungle Bird est un cocktail tropical et fruit\u00e9, qui offre une exp\u00e9rience de d\u00e9gustation unique et \u00e9quilibr\u00e9e. Il est d\u00e9finitivement recommand\u00e9 pour les amateurs de rhum et de cocktails tiki.<\/p>\t\t\t\t\t\t\t\t<\/div>\n\t\t\t\t<\/div>\n\t\t\t\t\t<\/div>\n\t\t<\/div>\n\t\t\t\t\t<\/div>\n\t\t<\/section>\n\t\t\t\t<\/div>\n\t\t","protected":false},"excerpt":{"rendered":"<p>Jungle Bird Le Jungle Bird est un cocktail tropical et fruit\u00e9, souvent associ\u00e9 \u00e0 la tradition des cocktails tiki. Il est fait avec du rhum noir, du Campari, du jus de ananas, du jus de lime et du sirop de sucre de canne. Lorsque vous prenez une gorg\u00e9e de Jungle Bird, vous pouvez d&rsquo;abord sentir&#8230;<\/p>\n","protected":false},"author":1,"featured_media":0,"parent":0,"menu_order":0,"comment_status":"closed","ping_status":"closed","template":"","meta":{"_seopress_robots_primary_cat":"","_seopress_titles_title":"D\u00e9couvrez le d\u00e9licieux Jungle Bird, un cocktail tropical et fruit\u00e9","_seopress_titles_desc":"Le Jungle Bird est un cocktail tiki rafra\u00eechissant, fait avec du rhum noir, du Campari, du jus d'ananas, du jus de lime et du sirop de sucre de canne. D\u00e9couvrez son m\u00e9lange unique de saveurs douces et fruit\u00e9es, parfait pour les soir\u00e9es en plein air et les vacances tropicales.","_seopress_robots_index":"","ocean_post_layout":"","ocean_both_sidebars_style":"","ocean_both_sidebars_content_width":0,"ocean_both_sidebars_sidebars_width":0,"ocean_sidebar":"0","ocean_second_sidebar":"0","ocean_disable_margins":"enable","ocean_add_body_class":"","ocean_shortcode_before_top_bar":"","ocean_shortcode_after_top_bar":"","ocean_shortcode_before_header":"","ocean_shortcode_after_header":"","ocean_has_shortcode":"","ocean_shortcode_after_title":"","ocean_shortcode_before_footer_widgets":"","ocean_shortcode_after_footer_widgets":"","ocean_shortcode_before_footer_bottom":"","ocean_shortcode_after_footer_bottom":"","ocean_display_top_bar":"default","ocean_display_header":"default","ocean_header_style":"","ocean_center_header_left_menu":"0","ocean_custom_header_template":"0","ocean_custom_logo":0,"ocean_custom_retina_logo":0,"ocean_custom_logo_max_width":0,"ocean_custom_logo_tablet_max_width":0,"ocean_custom_logo_mobile_max_width":0,"ocean_custom_logo_max_height":0,"ocean_custom_logo_tablet_max_height":0,"ocean_custom_logo_mobile_max_height":0,"ocean_header_custom_menu":"0","ocean_menu_typo_font_family":"0","ocean_menu_typo_font_subset":"","ocean_menu_typo_font_size":0,"ocean_menu_typo_font_size_tablet":0,"ocean_menu_typo_font_size_mobile":0,"ocean_menu_typo_font_size_unit":"px","ocean_menu_typo_font_weight":"","ocean_menu_typo_font_weight_tablet":"","ocean_menu_typo_font_weight_mobile":"","ocean_menu_typo_transform":"","ocean_menu_typo_transform_tablet":"","ocean_menu_typo_transform_mobile":"","ocean_menu_typo_line_height":0,"ocean_menu_typo_line_height_tablet":0,"ocean_menu_typo_line_height_mobile":0,"ocean_menu_typo_line_height_unit":"","ocean_menu_typo_spacing":0,"ocean_menu_typo_spacing_tablet":0,"ocean_menu_typo_spacing_mobile":0,"ocean_menu_typo_spacing_unit":"","ocean_menu_link_color":"","ocean_menu_link_color_hover":"","ocean_menu_link_color_active":"","ocean_menu_link_background":"","ocean_menu_link_hover_background":"","ocean_menu_link_active_background":"","ocean_menu_social_links_bg":"","ocean_menu_social_hover_links_bg":"","ocean_menu_social_links_color":"","ocean_menu_social_hover_links_color":"","ocean_disable_title":"default","ocean_disable_heading":"default","ocean_post_title":"","ocean_post_subheading":"","ocean_post_title_style":"","ocean_post_title_background_color":"","ocean_post_title_background":0,"ocean_post_title_bg_image_position":"","ocean_post_title_bg_image_attachment":"","ocean_post_title_bg_image_repeat":"","ocean_post_title_bg_image_size":"","ocean_post_title_height":0,"ocean_post_title_bg_overlay":0.5,"ocean_post_title_bg_overlay_color":"","ocean_disable_breadcrumbs":"default","ocean_breadcrumbs_color":"","ocean_breadcrumbs_separator_color":"","ocean_breadcrumbs_links_color":"","ocean_breadcrumbs_links_hover_color":"","ocean_display_footer_widgets":"default","ocean_display_footer_bottom":"default","ocean_custom_footer_template":"0","footnotes":""},"class_list":["post-1370","page","type-page","status-publish","hentry","entry"],"_links":{"self":[{"href":"https:\/\/www.lelabodubrasseur.com\/index.php\/wp-json\/wp\/v2\/pages\/1370","targetHints":{"allow":["GET"]}}],"collection":[{"href":"https:\/\/www.lelabodubrasseur.com\/index.php\/wp-json\/wp\/v2\/pages"}],"about":[{"href":"https:\/\/www.lelabodubrasseur.com\/index.php\/wp-json\/wp\/v2\/types\/page"}],"author":[{"embeddable":true,"href":"https:\/\/www.lelabodubrasseur.com\/index.php\/wp-json\/wp\/v2\/users\/1"}],"replies":[{"embeddable":true,"href":"https:\/\/www.lelabodubrasseur.com\/index.php\/wp-json\/wp\/v2\/comments?post=1370"}],"version-history":[{"count":8,"href":"https:\/\/www.lelabodubrasseur.com\/index.php\/wp-json\/wp\/v2\/pages\/1370\/revisions"}],"predecessor-version":[{"id":1379,"href":"https:\/\/www.lelabodubrasseur.com\/index.php\/wp-json\/wp\/v2\/pages\/1370\/revisions\/1379"}],"wp:attachment":[{"href":"https:\/\/www.lelabodubrasseur.com\/index.php\/wp-json\/wp\/v2\/media?parent=1370"}],"curies":[{"name":"wp","href":"https:\/\/api.w.org\/{rel}","templated":true}]}}