{"id":1384,"date":"2023-03-12T15:44:46","date_gmt":"2023-03-12T14:44:46","guid":{"rendered":"http:\/\/www.lelabodubrasseur.com\/?page_id=1384"},"modified":"2023-09-27T11:14:48","modified_gmt":"2023-09-27T15:14:48","slug":"the-painkiller","status":"publish","type":"page","link":"https:\/\/www.lelabodubrasseur.com\/index.php\/the-painkiller\/","title":{"rendered":"The Painkiller"},"content":{"rendered":"\t\t<div data-elementor-type=\"wp-page\" data-elementor-id=\"1384\" class=\"elementor elementor-1384\" data-elementor-post-type=\"page\">\n\t\t\t\t\t\t<section class=\"elementor-section elementor-top-section elementor-element elementor-element-0ddd201 elementor-section-boxed elementor-section-height-default elementor-section-height-default\" data-id=\"0ddd201\" data-element_type=\"section\" data-e-type=\"section\">\n\t\t\t\t\t\t<div class=\"elementor-container elementor-column-gap-default\">\n\t\t\t\t\t<div class=\"elementor-column elementor-col-100 elementor-top-column elementor-element elementor-element-71dbcca\" data-id=\"71dbcca\" data-element_type=\"column\" data-e-type=\"column\">\n\t\t\t<div class=\"elementor-widget-wrap elementor-element-populated\">\n\t\t\t\t\t\t<div class=\"elementor-element elementor-element-0cbac46 elementor-widget elementor-widget-heading\" data-id=\"0cbac46\" data-element_type=\"widget\" data-e-type=\"widget\" data-widget_type=\"heading.default\">\n\t\t\t\t<div class=\"elementor-widget-container\">\n\t\t\t\t\t<h2 class=\"elementor-heading-title elementor-size-xxl\">The Painkiller<\/h2>\t\t\t\t<\/div>\n\t\t\t\t<\/div>\n\t\t\t\t\t<\/div>\n\t\t<\/div>\n\t\t\t\t\t<\/div>\n\t\t<\/section>\n\t\t\t\t<section class=\"elementor-section elementor-top-section elementor-element elementor-element-6c9e058 elementor-section-boxed elementor-section-height-default elementor-section-height-default\" data-id=\"6c9e058\" data-element_type=\"section\" data-e-type=\"section\">\n\t\t\t\t\t\t<div class=\"elementor-container elementor-column-gap-default\">\n\t\t\t\t\t<div class=\"elementor-column elementor-col-100 elementor-top-column elementor-element elementor-element-95322a9\" data-id=\"95322a9\" data-element_type=\"column\" data-e-type=\"column\">\n\t\t\t<div class=\"elementor-widget-wrap elementor-element-populated\">\n\t\t\t\t\t\t<div class=\"elementor-element elementor-element-4f3d664 elementor-widget elementor-widget-image\" data-id=\"4f3d664\" data-element_type=\"widget\" data-e-type=\"widget\" data-widget_type=\"image.default\">\n\t\t\t\t<div class=\"elementor-widget-container\">\n\t\t\t\t\t\t\t\t\t\t\t\t\t\t\t<img fetchpriority=\"high\" decoding=\"async\" width=\"768\" height=\"1152\" src=\"https:\/\/www.lelabodubrasseur.com\/wp-content\/uploads\/2023\/09\/IMG_0593-768x1152.jpeg\" class=\"attachment-medium_large size-medium_large wp-image-1797\" alt=\"\" srcset=\"https:\/\/www.lelabodubrasseur.com\/wp-content\/uploads\/2023\/09\/IMG_0593-768x1152.jpeg 768w, https:\/\/www.lelabodubrasseur.com\/wp-content\/uploads\/2023\/09\/IMG_0593-200x300.jpeg 200w, https:\/\/www.lelabodubrasseur.com\/wp-content\/uploads\/2023\/09\/IMG_0593-683x1024.jpeg 683w, https:\/\/www.lelabodubrasseur.com\/wp-content\/uploads\/2023\/09\/IMG_0593-1024x1536.jpeg 1024w, https:\/\/www.lelabodubrasseur.com\/wp-content\/uploads\/2023\/09\/IMG_0593-1365x2048.jpeg 1365w, https:\/\/www.lelabodubrasseur.com\/wp-content\/uploads\/2023\/09\/IMG_0593-scaled.jpeg 1707w\" sizes=\"(max-width: 768px) 100vw, 768px\" \/>\t\t\t\t\t\t\t\t\t\t\t\t\t\t\t<\/div>\n\t\t\t\t<\/div>\n\t\t\t\t\t<\/div>\n\t\t<\/div>\n\t\t\t\t\t<\/div>\n\t\t<\/section>\n\t\t\t\t<section class=\"elementor-section elementor-top-section elementor-element elementor-element-05220e4 elementor-section-boxed elementor-section-height-default elementor-section-height-default\" data-id=\"05220e4\" data-element_type=\"section\" data-e-type=\"section\">\n\t\t\t\t\t\t<div class=\"elementor-container elementor-column-gap-default\">\n\t\t\t\t\t<div class=\"elementor-column elementor-col-100 elementor-top-column elementor-element elementor-element-1e07b51\" data-id=\"1e07b51\" data-element_type=\"column\" data-e-type=\"column\">\n\t\t\t<div class=\"elementor-widget-wrap elementor-element-populated\">\n\t\t\t\t\t\t<div class=\"elementor-element elementor-element-2b32d70 elementor-widget elementor-widget-text-editor\" data-id=\"2b32d70\" data-element_type=\"widget\" data-e-type=\"widget\" data-widget_type=\"text-editor.default\">\n\t\t\t\t<div class=\"elementor-widget-container\">\n\t\t\t\t\t\t\t\t\t<p>Le Painkiller est un cocktail tropical et fruit\u00e9, souvent associ\u00e9 \u00e0 la tradition des cocktails tiki. Il est fait avec du rhum ambr\u00e9, de la cr\u00e8me de noix de coco, du jus d&rsquo;ananas et du jus d&rsquo;orange. Il est g\u00e9n\u00e9ralement servi avec un zeste de noix de muscade r\u00e2p\u00e9e sur le dessus.<\/p><p>Lorsque vous prenez une gorg\u00e9e de Painkiller, vous pouvez d&rsquo;abord sentir les saveurs douces et fruit\u00e9es de la cr\u00e8me de noix de coco et du jus d&rsquo;ananas. Le rhum ambr\u00e9 apporte une puissance alcoolique suppl\u00e9mentaire, qui est adoucie par le jus d&rsquo;orange sucr\u00e9. Le m\u00e9lange de ces ingr\u00e9dients cr\u00e9e un cocktail tropical et rafra\u00eechissant, id\u00e9al pour les jours chauds et les soir\u00e9es d\u00e9tendues.<\/p><p>En termes d&rsquo;intensit\u00e9 alcoolique, le Painkiller peut \u00eatre consid\u00e9r\u00e9 comme une boisson mod\u00e9r\u00e9e. Il est important de le consommer avec mod\u00e9ration et de toujours respecter les limites d&rsquo;alcool\u00e9mie.<\/p><p>Le Painkiller est souvent associ\u00e9 \u00e0 des vacances tropicales et \u00e0 des soir\u00e9es en plein air. C&rsquo;est un choix parfait pour les amateurs de rhum et de cocktails tiki, qui cherchent une exp\u00e9rience de d\u00e9gustation unique et rafra\u00eechissante.<\/p><p>En somme, le Painkiller est un cocktail tropical et fruit\u00e9, qui offre une exp\u00e9rience de d\u00e9gustation unique et \u00e9quilibr\u00e9e. Il est d\u00e9finitivement recommand\u00e9 pour les amateurs de rhum et de cocktails tiki.<\/p>\t\t\t\t\t\t\t\t<\/div>\n\t\t\t\t<\/div>\n\t\t\t\t\t<\/div>\n\t\t<\/div>\n\t\t\t\t\t<\/div>\n\t\t<\/section>\n\t\t\t\t<\/div>\n\t\t","protected":false},"excerpt":{"rendered":"<p>The Painkiller Le Painkiller est un cocktail tropical et fruit\u00e9, souvent associ\u00e9 \u00e0 la tradition des cocktails tiki. Il est fait avec du rhum ambr\u00e9, de la cr\u00e8me de noix de coco, du jus d&rsquo;ananas et du jus d&rsquo;orange. Il est g\u00e9n\u00e9ralement servi avec un zeste de noix de muscade r\u00e2p\u00e9e sur le dessus. Lorsque&#8230;<\/p>\n","protected":false},"author":1,"featured_media":0,"parent":0,"menu_order":0,"comment_status":"closed","ping_status":"closed","template":"","meta":{"_seopress_robots_primary_cat":"","_seopress_titles_title":"D\u00e9couvrez le Painkiller, un cocktail tropical et fruit\u00e9 \u00e0 base de rhum ambr\u00e9 et de cr\u00e8me de noix de coco","_seopress_titles_desc":"Le Painkiller est un cocktail tiki rafra\u00eechissant, id\u00e9al pour les journ\u00e9es chaudes et les soir\u00e9es d\u00e9tendues. Avec ses saveurs douces et fruit\u00e9es de cr\u00e8me de noix de coco, jus d'ananas et jus d'orange, il est parfait pour les amateurs de cocktails tropicaux.","_seopress_robots_index":"","ocean_post_layout":"","ocean_both_sidebars_style":"","ocean_both_sidebars_content_width":0,"ocean_both_sidebars_sidebars_width":0,"ocean_sidebar":"0","ocean_second_sidebar":"0","ocean_disable_margins":"enable","ocean_add_body_class":"","ocean_shortcode_before_top_bar":"","ocean_shortcode_after_top_bar":"","ocean_shortcode_before_header":"","ocean_shortcode_after_header":"","ocean_has_shortcode":"","ocean_shortcode_after_title":"","ocean_shortcode_before_footer_widgets":"","ocean_shortcode_after_footer_widgets":"","ocean_shortcode_before_footer_bottom":"","ocean_shortcode_after_footer_bottom":"","ocean_display_top_bar":"default","ocean_display_header":"default","ocean_header_style":"","ocean_center_header_left_menu":"0","ocean_custom_header_template":"0","ocean_custom_logo":0,"ocean_custom_retina_logo":0,"ocean_custom_logo_max_width":0,"ocean_custom_logo_tablet_max_width":0,"ocean_custom_logo_mobile_max_width":0,"ocean_custom_logo_max_height":0,"ocean_custom_logo_tablet_max_height":0,"ocean_custom_logo_mobile_max_height":0,"ocean_header_custom_menu":"0","ocean_menu_typo_font_family":"0","ocean_menu_typo_font_subset":"","ocean_menu_typo_font_size":0,"ocean_menu_typo_font_size_tablet":0,"ocean_menu_typo_font_size_mobile":0,"ocean_menu_typo_font_size_unit":"px","ocean_menu_typo_font_weight":"","ocean_menu_typo_font_weight_tablet":"","ocean_menu_typo_font_weight_mobile":"","ocean_menu_typo_transform":"","ocean_menu_typo_transform_tablet":"","ocean_menu_typo_transform_mobile":"","ocean_menu_typo_line_height":0,"ocean_menu_typo_line_height_tablet":0,"ocean_menu_typo_line_height_mobile":0,"ocean_menu_typo_line_height_unit":"","ocean_menu_typo_spacing":0,"ocean_menu_typo_spacing_tablet":0,"ocean_menu_typo_spacing_mobile":0,"ocean_menu_typo_spacing_unit":"","ocean_menu_link_color":"","ocean_menu_link_color_hover":"","ocean_menu_link_color_active":"","ocean_menu_link_background":"","ocean_menu_link_hover_background":"","ocean_menu_link_active_background":"","ocean_menu_social_links_bg":"","ocean_menu_social_hover_links_bg":"","ocean_menu_social_links_color":"","ocean_menu_social_hover_links_color":"","ocean_disable_title":"default","ocean_disable_heading":"default","ocean_post_title":"","ocean_post_subheading":"","ocean_post_title_style":"","ocean_post_title_background_color":"","ocean_post_title_background":0,"ocean_post_title_bg_image_position":"","ocean_post_title_bg_image_attachment":"","ocean_post_title_bg_image_repeat":"","ocean_post_title_bg_image_size":"","ocean_post_title_height":0,"ocean_post_title_bg_overlay":0.5,"ocean_post_title_bg_overlay_color":"","ocean_disable_breadcrumbs":"default","ocean_breadcrumbs_color":"","ocean_breadcrumbs_separator_color":"","ocean_breadcrumbs_links_color":"","ocean_breadcrumbs_links_hover_color":"","ocean_display_footer_widgets":"default","ocean_display_footer_bottom":"default","ocean_custom_footer_template":"0","footnotes":""},"class_list":["post-1384","page","type-page","status-publish","hentry","entry"],"_links":{"self":[{"href":"https:\/\/www.lelabodubrasseur.com\/index.php\/wp-json\/wp\/v2\/pages\/1384","targetHints":{"allow":["GET"]}}],"collection":[{"href":"https:\/\/www.lelabodubrasseur.com\/index.php\/wp-json\/wp\/v2\/pages"}],"about":[{"href":"https:\/\/www.lelabodubrasseur.com\/index.php\/wp-json\/wp\/v2\/types\/page"}],"author":[{"embeddable":true,"href":"https:\/\/www.lelabodubrasseur.com\/index.php\/wp-json\/wp\/v2\/users\/1"}],"replies":[{"embeddable":true,"href":"https:\/\/www.lelabodubrasseur.com\/index.php\/wp-json\/wp\/v2\/comments?post=1384"}],"version-history":[{"count":12,"href":"https:\/\/www.lelabodubrasseur.com\/index.php\/wp-json\/wp\/v2\/pages\/1384\/revisions"}],"predecessor-version":[{"id":1853,"href":"https:\/\/www.lelabodubrasseur.com\/index.php\/wp-json\/wp\/v2\/pages\/1384\/revisions\/1853"}],"wp:attachment":[{"href":"https:\/\/www.lelabodubrasseur.com\/index.php\/wp-json\/wp\/v2\/media?parent=1384"}],"curies":[{"name":"wp","href":"https:\/\/api.w.org\/{rel}","templated":true}]}}