{"id":1402,"date":"2023-03-12T15:49:41","date_gmt":"2023-03-12T14:49:41","guid":{"rendered":"http:\/\/www.lelabodubrasseur.com\/?page_id=1402"},"modified":"2023-09-27T11:16:40","modified_gmt":"2023-09-27T15:16:40","slug":"whisky-sour","status":"publish","type":"page","link":"https:\/\/www.lelabodubrasseur.com\/index.php\/whisky-sour\/","title":{"rendered":"Whisky Sour"},"content":{"rendered":"\t\t<div data-elementor-type=\"wp-page\" data-elementor-id=\"1402\" class=\"elementor elementor-1402\" data-elementor-post-type=\"page\">\n\t\t\t\t\t\t<section class=\"elementor-section elementor-top-section elementor-element elementor-element-f1dc526 elementor-section-boxed elementor-section-height-default elementor-section-height-default\" data-id=\"f1dc526\" data-element_type=\"section\" data-e-type=\"section\">\n\t\t\t\t\t\t<div class=\"elementor-container elementor-column-gap-default\">\n\t\t\t\t\t<div class=\"elementor-column elementor-col-100 elementor-top-column elementor-element elementor-element-58e37ce\" data-id=\"58e37ce\" data-element_type=\"column\" data-e-type=\"column\">\n\t\t\t<div class=\"elementor-widget-wrap elementor-element-populated\">\n\t\t\t\t\t\t<div class=\"elementor-element elementor-element-d039419 elementor-widget elementor-widget-heading\" data-id=\"d039419\" data-element_type=\"widget\" data-e-type=\"widget\" data-widget_type=\"heading.default\">\n\t\t\t\t<div class=\"elementor-widget-container\">\n\t\t\t\t\t<h2 class=\"elementor-heading-title elementor-size-xxl\">Whisky Sour<\/h2>\t\t\t\t<\/div>\n\t\t\t\t<\/div>\n\t\t\t\t\t<\/div>\n\t\t<\/div>\n\t\t\t\t\t<\/div>\n\t\t<\/section>\n\t\t\t\t<section class=\"elementor-section elementor-top-section elementor-element elementor-element-b98f6c5 elementor-section-boxed elementor-section-height-default elementor-section-height-default\" data-id=\"b98f6c5\" data-element_type=\"section\" data-e-type=\"section\">\n\t\t\t\t\t\t<div class=\"elementor-container elementor-column-gap-default\">\n\t\t\t\t\t<div class=\"elementor-column elementor-col-100 elementor-top-column elementor-element elementor-element-e996ecb\" data-id=\"e996ecb\" data-element_type=\"column\" data-e-type=\"column\">\n\t\t\t<div class=\"elementor-widget-wrap elementor-element-populated\">\n\t\t\t\t\t\t<div class=\"elementor-element elementor-element-0ce7abd elementor-widget elementor-widget-image\" data-id=\"0ce7abd\" data-element_type=\"widget\" data-e-type=\"widget\" data-widget_type=\"image.default\">\n\t\t\t\t<div class=\"elementor-widget-container\">\n\t\t\t\t\t\t\t\t\t\t\t\t\t\t\t<img fetchpriority=\"high\" decoding=\"async\" width=\"768\" height=\"1152\" src=\"https:\/\/www.lelabodubrasseur.com\/wp-content\/uploads\/2023\/09\/0H5A3369-768x1152.jpg\" class=\"attachment-medium_large size-medium_large wp-image-1781\" alt=\"\" srcset=\"https:\/\/www.lelabodubrasseur.com\/wp-content\/uploads\/2023\/09\/0H5A3369-768x1152.jpg 768w, https:\/\/www.lelabodubrasseur.com\/wp-content\/uploads\/2023\/09\/0H5A3369-200x300.jpg 200w, https:\/\/www.lelabodubrasseur.com\/wp-content\/uploads\/2023\/09\/0H5A3369-683x1024.jpg 683w, https:\/\/www.lelabodubrasseur.com\/wp-content\/uploads\/2023\/09\/0H5A3369-1024x1536.jpg 1024w, https:\/\/www.lelabodubrasseur.com\/wp-content\/uploads\/2023\/09\/0H5A3369-1365x2048.jpg 1365w, https:\/\/www.lelabodubrasseur.com\/wp-content\/uploads\/2023\/09\/0H5A3369-scaled.jpg 1707w\" sizes=\"(max-width: 768px) 100vw, 768px\" \/>\t\t\t\t\t\t\t\t\t\t\t\t\t\t\t<\/div>\n\t\t\t\t<\/div>\n\t\t\t\t\t<\/div>\n\t\t<\/div>\n\t\t\t\t\t<\/div>\n\t\t<\/section>\n\t\t\t\t<section class=\"elementor-section elementor-top-section elementor-element elementor-element-2fef122 elementor-section-boxed elementor-section-height-default elementor-section-height-default\" data-id=\"2fef122\" data-element_type=\"section\" data-e-type=\"section\">\n\t\t\t\t\t\t<div class=\"elementor-container elementor-column-gap-default\">\n\t\t\t\t\t<div class=\"elementor-column elementor-col-100 elementor-top-column elementor-element elementor-element-8fb7b4b\" data-id=\"8fb7b4b\" data-element_type=\"column\" data-e-type=\"column\">\n\t\t\t<div class=\"elementor-widget-wrap elementor-element-populated\">\n\t\t\t\t\t\t<div class=\"elementor-element elementor-element-a0f5ec5 elementor-widget elementor-widget-text-editor\" data-id=\"a0f5ec5\" data-element_type=\"widget\" data-e-type=\"widget\" data-widget_type=\"text-editor.default\">\n\t\t\t\t<div class=\"elementor-widget-container\">\n\t\t\t\t\t\t\t\t\t<p>Le Whisky Sour est un cocktail classique et sophistiqu\u00e9, souvent associ\u00e9 \u00e0 la tradition am\u00e9ricaine des cocktails. Il est fait avec du whisky bourbon ou du rye, du jus de citron, du sirop de sucre et des bitters.<\/p><p>Lorsque vous prenez une gorg\u00e9e de Whisky Sour, vous pouvez d&rsquo;abord sentir la puissance du whisky, qui est adoucie par le jus de citron acidul\u00e9 et le sirop de sucre doux. Les bitters ajoutent une touche d&rsquo;amertume et de profondeur, qui renforce le go\u00fbt unique et sophistiqu\u00e9 du cocktail.<\/p><p>En termes d&rsquo;intensit\u00e9 alcoolique, le Whisky Sour peut \u00eatre consid\u00e9r\u00e9 comme une boisson mod\u00e9r\u00e9e \u00e0 forte. Il est important de le consommer avec mod\u00e9ration et de toujours respecter les limites d&rsquo;alcool\u00e9mie.<\/p><p>Le Whisky Sour est souvent associ\u00e9 \u00e0 des soir\u00e9es \u00e9l\u00e9gantes et sophistiqu\u00e9es. C&rsquo;est un choix parfait pour les amateurs de whisky et de boissons acidul\u00e9es et douces, qui cherchent une exp\u00e9rience de d\u00e9gustation unique et sophistiqu\u00e9e.<\/p><p>En somme, le Whisky Sour est un cocktail classique et sophistiqu\u00e9, qui offre une exp\u00e9rience de d\u00e9gustation unique et \u00e9quilibr\u00e9e. Il est d\u00e9finitivement recommand\u00e9 pour les amateurs de whisky et de boissons acidul\u00e9es et douces.<\/p>\t\t\t\t\t\t\t\t<\/div>\n\t\t\t\t<\/div>\n\t\t\t\t\t<\/div>\n\t\t<\/div>\n\t\t\t\t\t<\/div>\n\t\t<\/section>\n\t\t\t\t<\/div>\n\t\t","protected":false},"excerpt":{"rendered":"<p>Whisky Sour Le Whisky Sour est un cocktail classique et sophistiqu\u00e9, souvent associ\u00e9 \u00e0 la tradition am\u00e9ricaine des cocktails. Il est fait avec du whisky bourbon ou du rye, du jus de citron, du sirop de sucre et des bitters. Lorsque vous prenez une gorg\u00e9e de Whisky Sour, vous pouvez d&rsquo;abord sentir la puissance du&#8230;<\/p>\n","protected":false},"author":1,"featured_media":0,"parent":0,"menu_order":0,"comment_status":"closed","ping_status":"closed","template":"","meta":{"_seopress_robots_primary_cat":"","_seopress_titles_title":"D\u00e9couvrez le Whisky Sour, un cocktail sophistiqu\u00e9 \u00e0 base de bourbon","_seopress_titles_desc":"Le Whisky Sour est un cocktail classique am\u00e9ricain, pr\u00e9par\u00e9 avec du whisky, du jus de citron, du sirop de sucre et des bitters. D\u00e9couvrez les saveurs sophistiqu\u00e9es et \u00e9quilibr\u00e9es de ce cocktail, id\u00e9al pour les soir\u00e9es \u00e9l\u00e9gantes.","_seopress_robots_index":"","ocean_post_layout":"","ocean_both_sidebars_style":"","ocean_both_sidebars_content_width":0,"ocean_both_sidebars_sidebars_width":0,"ocean_sidebar":"0","ocean_second_sidebar":"0","ocean_disable_margins":"enable","ocean_add_body_class":"","ocean_shortcode_before_top_bar":"","ocean_shortcode_after_top_bar":"","ocean_shortcode_before_header":"","ocean_shortcode_after_header":"","ocean_has_shortcode":"","ocean_shortcode_after_title":"","ocean_shortcode_before_footer_widgets":"","ocean_shortcode_after_footer_widgets":"","ocean_shortcode_before_footer_bottom":"","ocean_shortcode_after_footer_bottom":"","ocean_display_top_bar":"default","ocean_display_header":"default","ocean_header_style":"","ocean_center_header_left_menu":"0","ocean_custom_header_template":"0","ocean_custom_logo":0,"ocean_custom_retina_logo":0,"ocean_custom_logo_max_width":0,"ocean_custom_logo_tablet_max_width":0,"ocean_custom_logo_mobile_max_width":0,"ocean_custom_logo_max_height":0,"ocean_custom_logo_tablet_max_height":0,"ocean_custom_logo_mobile_max_height":0,"ocean_header_custom_menu":"0","ocean_menu_typo_font_family":"0","ocean_menu_typo_font_subset":"","ocean_menu_typo_font_size":0,"ocean_menu_typo_font_size_tablet":0,"ocean_menu_typo_font_size_mobile":0,"ocean_menu_typo_font_size_unit":"px","ocean_menu_typo_font_weight":"","ocean_menu_typo_font_weight_tablet":"","ocean_menu_typo_font_weight_mobile":"","ocean_menu_typo_transform":"","ocean_menu_typo_transform_tablet":"","ocean_menu_typo_transform_mobile":"","ocean_menu_typo_line_height":0,"ocean_menu_typo_line_height_tablet":0,"ocean_menu_typo_line_height_mobile":0,"ocean_menu_typo_line_height_unit":"","ocean_menu_typo_spacing":0,"ocean_menu_typo_spacing_tablet":0,"ocean_menu_typo_spacing_mobile":0,"ocean_menu_typo_spacing_unit":"","ocean_menu_link_color":"","ocean_menu_link_color_hover":"","ocean_menu_link_color_active":"","ocean_menu_link_background":"","ocean_menu_link_hover_background":"","ocean_menu_link_active_background":"","ocean_menu_social_links_bg":"","ocean_menu_social_hover_links_bg":"","ocean_menu_social_links_color":"","ocean_menu_social_hover_links_color":"","ocean_disable_title":"default","ocean_disable_heading":"default","ocean_post_title":"","ocean_post_subheading":"","ocean_post_title_style":"","ocean_post_title_background_color":"","ocean_post_title_background":0,"ocean_post_title_bg_image_position":"","ocean_post_title_bg_image_attachment":"","ocean_post_title_bg_image_repeat":"","ocean_post_title_bg_image_size":"","ocean_post_title_height":0,"ocean_post_title_bg_overlay":0.5,"ocean_post_title_bg_overlay_color":"","ocean_disable_breadcrumbs":"default","ocean_breadcrumbs_color":"","ocean_breadcrumbs_separator_color":"","ocean_breadcrumbs_links_color":"","ocean_breadcrumbs_links_hover_color":"","ocean_display_footer_widgets":"default","ocean_display_footer_bottom":"default","ocean_custom_footer_template":"0","footnotes":""},"class_list":["post-1402","page","type-page","status-publish","hentry","entry"],"_links":{"self":[{"href":"https:\/\/www.lelabodubrasseur.com\/index.php\/wp-json\/wp\/v2\/pages\/1402","targetHints":{"allow":["GET"]}}],"collection":[{"href":"https:\/\/www.lelabodubrasseur.com\/index.php\/wp-json\/wp\/v2\/pages"}],"about":[{"href":"https:\/\/www.lelabodubrasseur.com\/index.php\/wp-json\/wp\/v2\/types\/page"}],"author":[{"embeddable":true,"href":"https:\/\/www.lelabodubrasseur.com\/index.php\/wp-json\/wp\/v2\/users\/1"}],"replies":[{"embeddable":true,"href":"https:\/\/www.lelabodubrasseur.com\/index.php\/wp-json\/wp\/v2\/comments?post=1402"}],"version-history":[{"count":12,"href":"https:\/\/www.lelabodubrasseur.com\/index.php\/wp-json\/wp\/v2\/pages\/1402\/revisions"}],"predecessor-version":[{"id":1861,"href":"https:\/\/www.lelabodubrasseur.com\/index.php\/wp-json\/wp\/v2\/pages\/1402\/revisions\/1861"}],"wp:attachment":[{"href":"https:\/\/www.lelabodubrasseur.com\/index.php\/wp-json\/wp\/v2\/media?parent=1402"}],"curies":[{"name":"wp","href":"https:\/\/api.w.org\/{rel}","templated":true}]}}