{"id":2081,"date":"2024-02-07T14:27:16","date_gmt":"2024-02-07T19:27:16","guid":{"rendered":"https:\/\/www.lelabodubrasseur.com\/?page_id=2081"},"modified":"2024-02-08T12:32:07","modified_gmt":"2024-02-08T17:32:07","slug":"mocktail","status":"publish","type":"page","link":"https:\/\/www.lelabodubrasseur.com\/index.php\/mocktail\/","title":{"rendered":"Mocktail"},"content":{"rendered":"\t\t<div data-elementor-type=\"wp-page\" data-elementor-id=\"2081\" class=\"elementor elementor-2081\" data-elementor-post-type=\"page\">\n\t\t\t\t\t\t<section class=\"elementor-section elementor-top-section elementor-element elementor-element-1850d80 elementor-section-boxed elementor-section-height-default elementor-section-height-default\" data-id=\"1850d80\" data-element_type=\"section\" data-e-type=\"section\">\n\t\t\t\t\t\t<div class=\"elementor-container elementor-column-gap-default\">\n\t\t\t\t\t<div class=\"elementor-column elementor-col-100 elementor-top-column elementor-element elementor-element-070a825\" data-id=\"070a825\" data-element_type=\"column\" data-e-type=\"column\">\n\t\t\t<div class=\"elementor-widget-wrap elementor-element-populated\">\n\t\t\t\t\t\t<div class=\"elementor-element elementor-element-40894a3 elementor-widget elementor-widget-heading\" data-id=\"40894a3\" data-element_type=\"widget\" data-e-type=\"widget\" data-widget_type=\"heading.default\">\n\t\t\t\t<div class=\"elementor-widget-container\">\n\t\t\t\t\t<h2 class=\"elementor-heading-title elementor-size-default\">Savourez l'Innovation : Nos Mocktails Uniques <\/h2>\t\t\t\t<\/div>\n\t\t\t\t<\/div>\n\t\t\t\t\t<\/div>\n\t\t<\/div>\n\t\t\t\t\t<\/div>\n\t\t<\/section>\n\t\t\t\t<section class=\"elementor-section elementor-top-section elementor-element elementor-element-93f2b17 elementor-section-boxed elementor-section-height-default elementor-section-height-default\" data-id=\"93f2b17\" data-element_type=\"section\" data-e-type=\"section\">\n\t\t\t\t\t\t<div class=\"elementor-container elementor-column-gap-default\">\n\t\t\t\t\t<div class=\"elementor-column elementor-col-100 elementor-top-column elementor-element elementor-element-acf7923\" data-id=\"acf7923\" data-element_type=\"column\" data-e-type=\"column\">\n\t\t\t<div class=\"elementor-widget-wrap elementor-element-populated\">\n\t\t\t\t\t\t<div class=\"elementor-element elementor-element-9b4d334 elementor-widget elementor-widget-narestaurant_unique_food_menu\" data-id=\"9b4d334\" data-element_type=\"widget\" data-e-type=\"widget\" data-widget_type=\"narestaurant_unique_food_menu.default\">\n\t\t\t\t<div class=\"elementor-widget-container\">\n\t\t\t\t\t<div class=\"narep-food-menu-wrap\"><div class=\"narep-food-menu-item-wrap zoom-image hav-img\">\n\t\t\t\t\t\t\t\t\t\t\t              <div class=\"narep-food-menu-item\"><div class=\"narep-image narep-popup\"><a href=\"https:\/\/www.lelabodubrasseur.com\/wp-content\/uploads\/2024\/02\/DALL\u00b7E-2024-02-08-10.03.22-Imagine-a-vibrant-refreshing-mocktail-creation-in-a-tall-glass-capturing-the-essence-of-a-fun-and-spirited-non-alcoholic-drink-but-without-any-red-.webp\"><img decoding=\"async\" src=\"https:\/\/www.lelabodubrasseur.com\/wp-content\/uploads\/2024\/02\/DALL\u00b7E-2024-02-08-10.03.22-Imagine-a-vibrant-refreshing-mocktail-creation-in-a-tall-glass-capturing-the-essence-of-a-fun-and-spirited-non-alcoholic-drink-but-without-any-red-.webp\" alt=\"Sunset Sparkler\"><\/a><\/div><\/div><div class=\"narep-food-menu-info\"><h4 class=\"narep-food-menu-title\"><span class=\"food-title\">Sunset Sparkler<\/span><span class=\"food-price\">$11,99<\/span><\/h4><p>Laissez-vous s\u00e9duire par ce m\u00e9lange rafra\u00eechissant de saveurs fruit\u00e9es et p\u00e9tillantes, une explosion de couleurs et de go\u00fbts envo\u00fbtants. \ud83c\udf79\u2728<\/p><\/div>\n\t\t\t\t\t\t\t\t\t\t\t            <\/div><div class=\"narep-food-menu-item-wrap zoom-image hav-img\">\n\t\t\t\t\t\t\t\t\t\t\t              <div class=\"narep-food-menu-item\"><div class=\"narep-image narep-popup\"><a href=\"https:\/\/www.lelabodubrasseur.com\/wp-content\/uploads\/2024\/02\/fitz002.png\"><img decoding=\"async\" src=\"https:\/\/www.lelabodubrasseur.com\/wp-content\/uploads\/2024\/02\/fitz002.png\" alt=\"Tropical Twist\"><\/a><\/div><\/div><div class=\"narep-food-menu-info\"><h4 class=\"narep-food-menu-title\"><span class=\"food-title\">Tropical Twist<\/span><span class=\"food-price\">$11,99<\/span><\/h4><p>D\u00e9couvrez l'\u00e9vasion tropicale dans un verre, une fusion exotique de jus d'ananas, de lait de coco et de grenadine. \ud83c\udfdd\ufe0f\ud83c\udf4d<\/p><\/div>\n\t\t\t\t\t\t\t\t\t\t\t            <\/div><div class=\"narep-food-menu-item-wrap zoom-image hav-img\">\n\t\t\t\t\t\t\t\t\t\t\t              <div class=\"narep-food-menu-item\"><div class=\"narep-image narep-popup\"><a href=\"https:\/\/www.lelabodubrasseur.com\/wp-content\/uploads\/2024\/02\/Cranberry-Spice-Mocktail.png\"><img decoding=\"async\" src=\"https:\/\/www.lelabodubrasseur.com\/wp-content\/uploads\/2024\/02\/Cranberry-Spice-Mocktail.png\" alt=\"Cranberry Spice\"><\/a><\/div><\/div><div class=\"narep-food-menu-info\"><h4 class=\"narep-food-menu-title\"><span class=\"food-title\">Cranberry Spice<\/span><span class=\"food-price\">$11,99<\/span><\/h4><p>Un \u00e9clat d'hiver dans un verre, mariage audacieux de jus de canneberge, citron, \u00e9rable et \u00e9pices. \ud83c\udf52\u2744\ufe0f<\/p><\/div>\n\t\t\t\t\t\t\t\t\t\t\t            <\/div><div class=\"narep-food-menu-item-wrap zoom-image hav-img\">\n\t\t\t\t\t\t\t\t\t\t\t              <div class=\"narep-food-menu-item\"><div class=\"narep-image narep-popup\"><a href=\"https:\/\/www.lelabodubrasseur.com\/wp-content\/uploads\/2024\/02\/Apple-Ginger-Sparkle.png\"><img decoding=\"async\" src=\"https:\/\/www.lelabodubrasseur.com\/wp-content\/uploads\/2024\/02\/Apple-Ginger-Sparkle.png\" alt=\"Apple Ginger Sparkle\"><\/a><\/div><\/div><div class=\"narep-food-menu-info\"><h4 class=\"narep-food-menu-title\"><span class=\"food-title\">Apple Ginger Sparkle<\/span><span class=\"food-price\">$11,99<\/span><\/h4><p>Vivez une explosion de saveurs avec ce mocktail alliant jus de pomme, sirop de gingembre et p\u00e9tillant exaltant. \ud83c\udf4f\ud83c\udf1f<\/p><\/div>\n\t\t\t\t\t\t\t\t\t\t\t            <\/div><div class=\"narep-food-menu-item-wrap zoom-image hav-img\">\n\t\t\t\t\t\t\t\t\t\t\t              <div class=\"narep-food-menu-item\"><div class=\"narep-image narep-popup\"><a href=\"https:\/\/www.lelabodubrasseur.com\/wp-content\/uploads\/2024\/02\/Virgin-Caesar-mocktail.png\"><img decoding=\"async\" src=\"https:\/\/www.lelabodubrasseur.com\/wp-content\/uploads\/2024\/02\/Virgin-Caesar-mocktail.png\" alt=\"Virgin cesar\"><\/a><\/div><\/div><div class=\"narep-food-menu-info\"><h4 class=\"narep-food-menu-title\"><span class=\"food-title\">Virgin cesar<\/span><span class=\"food-price\">$11,49<\/span><\/h4><p>Un cocktail sans alcool rafra\u00eechissant, avec un \u00e9quilibre parfait entre le jus de tomate, les \u00e9pices et la saveur marine distinctive. \ud83c\udf45\ud83c\udf0a<\/p><\/div>\n\t\t\t\t\t\t\t\t\t\t\t            <\/div><div class=\"narep-food-menu-item-wrap zoom-image hav-img\">\n\t\t\t\t\t\t\t\t\t\t\t              <div class=\"narep-food-menu-item\"><div class=\"narep-image narep-popup\"><a href=\"https:\/\/www.lelabodubrasseur.com\/wp-content\/uploads\/2024\/02\/Virgin-Pina-Colada.png\"><img decoding=\"async\" src=\"https:\/\/www.lelabodubrasseur.com\/wp-content\/uploads\/2024\/02\/Virgin-Pina-Colada.png\" alt=\"Mortal Pi\u00f1a Colada\"><\/a><\/div><\/div><div class=\"narep-food-menu-info\"><h4 class=\"narep-food-menu-title\"><span class=\"food-title\">Mortal Pi\u00f1a Colada<\/span><span class=\"food-price\">$11,00<\/span><\/h4><p>Une exp\u00e9rience tropicale intense, une symphonie de jus d'ananas cr\u00e9meux et de noix de coco, sans l'ombre de l'alcool. \ud83c\udf4d\ud83e\udd65<\/p><\/div>\n\t\t\t\t\t\t\t\t\t\t\t            <\/div><div class=\"narep-food-menu-item-wrap zoom-image hav-img\">\n\t\t\t\t\t\t\t\t\t\t\t              <div class=\"narep-food-menu-item\"><div class=\"narep-image narep-popup\"><a href=\"https:\/\/www.lelabodubrasseur.com\/wp-content\/uploads\/2024\/02\/Espresso-Martini.png\"><img decoding=\"async\" src=\"https:\/\/www.lelabodubrasseur.com\/wp-content\/uploads\/2024\/02\/Espresso-Martini.png\" alt=\"Virgin Martini Espresso\"><\/a><\/div><\/div><div class=\"narep-food-menu-info\"><h4 class=\"narep-food-menu-title\"><span class=\"food-title\">Virgin Martini Espresso<\/span><span class=\"food-price\">$11,99<\/span><\/h4><p>Une version sans alcool de ce cocktail classique, m\u00e9langeant l'intensit\u00e9 de l'espresso avec des notes de caf\u00e9 et de vanille. \u2615\ud83c\udf78<\/p><\/div>\n\t\t\t\t\t\t\t\t\t\t\t            <\/div><\/div>\t\t\t\t<\/div>\n\t\t\t\t<\/div>\n\t\t\t\t\t<\/div>\n\t\t<\/div>\n\t\t\t\t\t<\/div>\n\t\t<\/section>\n\t\t\t\t<\/div>\n\t\t","protected":false},"excerpt":{"rendered":"<p>Savourez l&rsquo;Innovation : Nos Mocktails Uniques Sunset Sparkler$11,99 Laissez-vous s\u00e9duire par ce m\u00e9lange rafra\u00eechissant de saveurs fruit\u00e9es et p\u00e9tillantes, une explosion de couleurs et de go\u00fbts envo\u00fbtants. \ud83c\udf79\u2728 Tropical Twist$11,99 D\u00e9couvrez l&rsquo;\u00e9vasion tropicale dans un verre, une fusion exotique de jus d&rsquo;ananas, de lait de coco et de grenadine. \ud83c\udfdd\ufe0f\ud83c\udf4d Cranberry Spice$11,99 Un \u00e9clat d&rsquo;hiver&#8230;<\/p>\n","protected":false},"author":1,"featured_media":0,"parent":0,"menu_order":0,"comment_status":"closed","ping_status":"closed","template":"","meta":{"_seopress_robots_primary_cat":"","_seopress_titles_title":"D\u00e9couvrez les Meilleurs Mocktails de la Rive sud de Montr\u00e9al | Le Labo du Brasseur","_seopress_titles_desc":"Mocktails Rive-Sud de Montr\u00e9al, Boissons sans alcool Delson, Recettes de Mocktails, Cocktails sans alcool Rive-Sud, Meilleurs Mocktails Rive-Sud, Bar \u00e0 Mocktails Delson, Alternatives sans alcool, Boissons festives sans alcool, Mocktails pour soir\u00e9es, Mocktails sant\u00e9 Rive-Sud","_seopress_robots_index":"","ocean_post_layout":"","ocean_both_sidebars_style":"","ocean_both_sidebars_content_width":0,"ocean_both_sidebars_sidebars_width":0,"ocean_sidebar":"","ocean_second_sidebar":"","ocean_disable_margins":"enable","ocean_add_body_class":"","ocean_shortcode_before_top_bar":"","ocean_shortcode_after_top_bar":"","ocean_shortcode_before_header":"","ocean_shortcode_after_header":"","ocean_has_shortcode":"","ocean_shortcode_after_title":"","ocean_shortcode_before_footer_widgets":"","ocean_shortcode_after_footer_widgets":"","ocean_shortcode_before_footer_bottom":"","ocean_shortcode_after_footer_bottom":"","ocean_display_top_bar":"default","ocean_display_header":"default","ocean_header_style":"","ocean_center_header_left_menu":"","ocean_custom_header_template":"","ocean_custom_logo":0,"ocean_custom_retina_logo":0,"ocean_custom_logo_max_width":0,"ocean_custom_logo_tablet_max_width":0,"ocean_custom_logo_mobile_max_width":0,"ocean_custom_logo_max_height":0,"ocean_custom_logo_tablet_max_height":0,"ocean_custom_logo_mobile_max_height":0,"ocean_header_custom_menu":"","ocean_menu_typo_font_family":"","ocean_menu_typo_font_subset":"","ocean_menu_typo_font_size":0,"ocean_menu_typo_font_size_tablet":0,"ocean_menu_typo_font_size_mobile":0,"ocean_menu_typo_font_size_unit":"px","ocean_menu_typo_font_weight":"","ocean_menu_typo_font_weight_tablet":"","ocean_menu_typo_font_weight_mobile":"","ocean_menu_typo_transform":"","ocean_menu_typo_transform_tablet":"","ocean_menu_typo_transform_mobile":"","ocean_menu_typo_line_height":0,"ocean_menu_typo_line_height_tablet":0,"ocean_menu_typo_line_height_mobile":0,"ocean_menu_typo_line_height_unit":"","ocean_menu_typo_spacing":0,"ocean_menu_typo_spacing_tablet":0,"ocean_menu_typo_spacing_mobile":0,"ocean_menu_typo_spacing_unit":"","ocean_menu_link_color":"","ocean_menu_link_color_hover":"","ocean_menu_link_color_active":"","ocean_menu_link_background":"","ocean_menu_link_hover_background":"","ocean_menu_link_active_background":"","ocean_menu_social_links_bg":"","ocean_menu_social_hover_links_bg":"","ocean_menu_social_links_color":"","ocean_menu_social_hover_links_color":"","ocean_disable_title":"default","ocean_disable_heading":"default","ocean_post_title":"","ocean_post_subheading":"","ocean_post_title_style":"","ocean_post_title_background_color":"","ocean_post_title_background":0,"ocean_post_title_bg_image_position":"","ocean_post_title_bg_image_attachment":"","ocean_post_title_bg_image_repeat":"","ocean_post_title_bg_image_size":"","ocean_post_title_height":0,"ocean_post_title_bg_overlay":0.5,"ocean_post_title_bg_overlay_color":"","ocean_disable_breadcrumbs":"default","ocean_breadcrumbs_color":"","ocean_breadcrumbs_separator_color":"","ocean_breadcrumbs_links_color":"","ocean_breadcrumbs_links_hover_color":"","ocean_display_footer_widgets":"default","ocean_display_footer_bottom":"default","ocean_custom_footer_template":"","footnotes":""},"class_list":["post-2081","page","type-page","status-publish","hentry","entry"],"_links":{"self":[{"href":"https:\/\/www.lelabodubrasseur.com\/index.php\/wp-json\/wp\/v2\/pages\/2081","targetHints":{"allow":["GET"]}}],"collection":[{"href":"https:\/\/www.lelabodubrasseur.com\/index.php\/wp-json\/wp\/v2\/pages"}],"about":[{"href":"https:\/\/www.lelabodubrasseur.com\/index.php\/wp-json\/wp\/v2\/types\/page"}],"author":[{"embeddable":true,"href":"https:\/\/www.lelabodubrasseur.com\/index.php\/wp-json\/wp\/v2\/users\/1"}],"replies":[{"embeddable":true,"href":"https:\/\/www.lelabodubrasseur.com\/index.php\/wp-json\/wp\/v2\/comments?post=2081"}],"version-history":[{"count":58,"href":"https:\/\/www.lelabodubrasseur.com\/index.php\/wp-json\/wp\/v2\/pages\/2081\/revisions"}],"predecessor-version":[{"id":2151,"href":"https:\/\/www.lelabodubrasseur.com\/index.php\/wp-json\/wp\/v2\/pages\/2081\/revisions\/2151"}],"wp:attachment":[{"href":"https:\/\/www.lelabodubrasseur.com\/index.php\/wp-json\/wp\/v2\/media?parent=2081"}],"curies":[{"name":"wp","href":"https:\/\/api.w.org\/{rel}","templated":true}]}}