{"id":2189,"date":"2024-03-21T11:06:28","date_gmt":"2024-03-21T15:06:28","guid":{"rendered":"https:\/\/www.lelabodubrasseur.com\/?page_id=2189"},"modified":"2024-03-21T13:26:34","modified_gmt":"2024-03-21T17:26:34","slug":"cosmopolitan-cocktail","status":"publish","type":"page","link":"https:\/\/www.lelabodubrasseur.com\/index.php\/cosmopolitan-cocktail\/","title":{"rendered":"Cosmopolitan Cocktail"},"content":{"rendered":"\t\t<div data-elementor-type=\"wp-page\" data-elementor-id=\"2189\" class=\"elementor elementor-2189\" data-elementor-post-type=\"page\">\n\t\t\t\t\t\t<section class=\"elementor-section elementor-top-section elementor-element elementor-element-aea5f72 elementor-section-boxed elementor-section-height-default elementor-section-height-default\" data-id=\"aea5f72\" data-element_type=\"section\" data-e-type=\"section\">\n\t\t\t\t\t\t<div class=\"elementor-container elementor-column-gap-default\">\n\t\t\t\t\t<div class=\"elementor-column elementor-col-100 elementor-top-column elementor-element elementor-element-2ba7a1f\" data-id=\"2ba7a1f\" data-element_type=\"column\" data-e-type=\"column\">\n\t\t\t<div class=\"elementor-widget-wrap elementor-element-populated\">\n\t\t\t\t\t\t<div class=\"elementor-element elementor-element-96439b3 elementor-widget elementor-widget-heading\" data-id=\"96439b3\" data-element_type=\"widget\" data-e-type=\"widget\" data-widget_type=\"heading.default\">\n\t\t\t\t<div class=\"elementor-widget-container\">\n\t\t\t\t\t<h2 class=\"elementor-heading-title elementor-size-default\">Cosmopolitan<\/h2>\t\t\t\t<\/div>\n\t\t\t\t<\/div>\n\t\t\t\t<div class=\"elementor-element elementor-element-181f85d elementor-widget-divider--view-line elementor-widget elementor-widget-divider\" data-id=\"181f85d\" data-element_type=\"widget\" data-e-type=\"widget\" data-widget_type=\"divider.default\">\n\t\t\t\t<div class=\"elementor-widget-container\">\n\t\t\t\t\t\t\t<div class=\"elementor-divider\">\n\t\t\t<span class=\"elementor-divider-separator\">\n\t\t\t\t\t\t<\/span>\n\t\t<\/div>\n\t\t\t\t\t\t<\/div>\n\t\t\t\t<\/div>\n\t\t\t\t\t<\/div>\n\t\t<\/div>\n\t\t\t\t\t<\/div>\n\t\t<\/section>\n\t\t\t\t<section class=\"elementor-section elementor-top-section elementor-element elementor-element-cc27c9d elementor-section-boxed elementor-section-height-default elementor-section-height-default\" data-id=\"cc27c9d\" data-element_type=\"section\" data-e-type=\"section\">\n\t\t\t\t\t\t<div class=\"elementor-container elementor-column-gap-default\">\n\t\t\t\t\t<div class=\"elementor-column elementor-col-50 elementor-top-column elementor-element elementor-element-37a81a3\" data-id=\"37a81a3\" data-element_type=\"column\" data-e-type=\"column\">\n\t\t\t<div class=\"elementor-widget-wrap elementor-element-populated\">\n\t\t\t\t\t\t<div class=\"elementor-element elementor-element-bddfdbf elementor-widget elementor-widget-image\" data-id=\"bddfdbf\" data-element_type=\"widget\" data-e-type=\"widget\" data-widget_type=\"image.default\">\n\t\t\t\t<div class=\"elementor-widget-container\">\n\t\t\t\t\t\t\t\t\t\t\t\t\t\t\t<img fetchpriority=\"high\" decoding=\"async\" width=\"654\" height=\"1024\" src=\"https:\/\/www.lelabodubrasseur.com\/wp-content\/uploads\/2024\/03\/0H5A3632-654x1024.jpg\" class=\"attachment-large size-large wp-image-2217\" alt=\"\" srcset=\"https:\/\/www.lelabodubrasseur.com\/wp-content\/uploads\/2024\/03\/0H5A3632-654x1024.jpg 654w, https:\/\/www.lelabodubrasseur.com\/wp-content\/uploads\/2024\/03\/0H5A3632-192x300.jpg 192w, https:\/\/www.lelabodubrasseur.com\/wp-content\/uploads\/2024\/03\/0H5A3632-768x1203.jpg 768w, https:\/\/www.lelabodubrasseur.com\/wp-content\/uploads\/2024\/03\/0H5A3632-981x1536.jpg 981w, https:\/\/www.lelabodubrasseur.com\/wp-content\/uploads\/2024\/03\/0H5A3632-1307x2048.jpg 1307w, https:\/\/www.lelabodubrasseur.com\/wp-content\/uploads\/2024\/03\/0H5A3632-scaled.jpg 1634w\" sizes=\"(max-width: 654px) 100vw, 654px\" \/>\t\t\t\t\t\t\t\t\t\t\t\t\t\t\t<\/div>\n\t\t\t\t<\/div>\n\t\t\t\t\t<\/div>\n\t\t<\/div>\n\t\t\t\t<div class=\"elementor-column elementor-col-50 elementor-top-column elementor-element elementor-element-a77103a\" data-id=\"a77103a\" data-element_type=\"column\" data-e-type=\"column\">\n\t\t\t<div class=\"elementor-widget-wrap elementor-element-populated\">\n\t\t\t\t\t\t<div class=\"elementor-element elementor-element-ab8084a elementor-widget elementor-widget-text-editor\" data-id=\"ab8084a\" data-element_type=\"widget\" data-e-type=\"widget\" data-widget_type=\"text-editor.default\">\n\t\t\t\t<div class=\"elementor-widget-container\">\n\t\t\t\t\t\t\t\t\t<p><strong>Cosmopolitan Cocktail &#8211; L\u2019Essence de l\u2019\u00c9l\u00e9gance Urbaine<\/strong><\/p><p>Le Cosmopolitan incarne l&rsquo;\u00e9l\u00e9gance urbaine et la sophistication contemporaine, et au Laboratoire du Brasseur, nous c\u00e9l\u00e9brons ce cocktail embl\u00e9matique avec une touche personnelle. La recette Difford, reconnue pour son \u00e9quilibre parfait, est \u00e0 l&rsquo;honneur dans notre interpr\u00e9tation, o\u00f9 la vodka Grey Goose apporte une clart\u00e9 et une finesse incomparables.<\/p><p>Le Cosmopolitan du Laboratoire du Brasseur n&rsquo;est pas seulement un cocktail ; c&rsquo;est une c\u00e9l\u00e9bration des saveurs. Le Triple sec infuse le m\u00e9lange d&rsquo;une note d&rsquo;agrume enjou\u00e9e, tandis que le jus de canneberge de premi\u00e8re qualit\u00e9 ajoute une douceur l\u00e9g\u00e8rement acidul\u00e9e, rappelant les baies fra\u00eechement cueillies. Un filet de jus de citron vert insuffle une fra\u00eecheur piquante, et le tout est accentu\u00e9 par un zeste d&rsquo;orange flamb\u00e9, cr\u00e9ant une exp\u00e9rience olfactive avant m\u00eame la premi\u00e8re gorg\u00e9e.<\/p><p>Notre Cosmopolitan est une invitation \u00e0 savourer les nuances de la vie, une composition harmonieuse destin\u00e9e \u00e0 \u00eatre appr\u00e9ci\u00e9e par ceux qui recherchent un instant de pur plaisir esth\u00e9tique et gustatif. Rejoignez-nous au Laboratoire du Brasseur pour une d\u00e9gustation qui \u00e9veille les sens et c\u00e9l\u00e8bre l&rsquo;h\u00e9ritage d&rsquo;un cocktail v\u00e9ritablement intemporel.<\/p>\t\t\t\t\t\t\t\t<\/div>\n\t\t\t\t<\/div>\n\t\t\t\t\t<\/div>\n\t\t<\/div>\n\t\t\t\t\t<\/div>\n\t\t<\/section>\n\t\t\t\t<\/div>\n\t\t","protected":false},"excerpt":{"rendered":"<p>Cosmopolitan Cosmopolitan Cocktail &#8211; L\u2019Essence de l\u2019\u00c9l\u00e9gance Urbaine Le Cosmopolitan incarne l&rsquo;\u00e9l\u00e9gance urbaine et la sophistication contemporaine, et au Laboratoire du Brasseur, nous c\u00e9l\u00e9brons ce cocktail embl\u00e9matique avec une touche personnelle. La recette Difford, reconnue pour son \u00e9quilibre parfait, est \u00e0 l&rsquo;honneur dans notre interpr\u00e9tation, o\u00f9 la vodka Grey Goose apporte une clart\u00e9 et une&#8230;<\/p>\n","protected":false},"author":1,"featured_media":0,"parent":0,"menu_order":0,"comment_status":"closed","ping_status":"closed","template":"","meta":{"_seopress_robots_primary_cat":"","_seopress_titles_title":"Cosmopolitan Cocktail - Recette Difford Signature | Le Laboratoire du Brasseur","_seopress_titles_desc":"D\u00e9couvrez notre Cosmopolitan Cocktail, une recette Difford sophistiqu\u00e9e \u00e0 base de vodka , de Triple sec, et de jus de canneberge , \u00e9quilibr\u00e9e par un soup\u00e7on de citron vert frais. Un zeste d&#039;orange flamb\u00e9 parach\u00e8ve ce classique moderne.\r\n","_seopress_robots_index":"","ocean_post_layout":"","ocean_both_sidebars_style":"","ocean_both_sidebars_content_width":0,"ocean_both_sidebars_sidebars_width":0,"ocean_sidebar":"","ocean_second_sidebar":"","ocean_disable_margins":"enable","ocean_add_body_class":"","ocean_shortcode_before_top_bar":"","ocean_shortcode_after_top_bar":"","ocean_shortcode_before_header":"","ocean_shortcode_after_header":"","ocean_has_shortcode":"","ocean_shortcode_after_title":"","ocean_shortcode_before_footer_widgets":"","ocean_shortcode_after_footer_widgets":"","ocean_shortcode_before_footer_bottom":"","ocean_shortcode_after_footer_bottom":"","ocean_display_top_bar":"default","ocean_display_header":"default","ocean_header_style":"","ocean_center_header_left_menu":"","ocean_custom_header_template":"","ocean_custom_logo":0,"ocean_custom_retina_logo":0,"ocean_custom_logo_max_width":0,"ocean_custom_logo_tablet_max_width":0,"ocean_custom_logo_mobile_max_width":0,"ocean_custom_logo_max_height":0,"ocean_custom_logo_tablet_max_height":0,"ocean_custom_logo_mobile_max_height":0,"ocean_header_custom_menu":"","ocean_menu_typo_font_family":"","ocean_menu_typo_font_subset":"","ocean_menu_typo_font_size":0,"ocean_menu_typo_font_size_tablet":0,"ocean_menu_typo_font_size_mobile":0,"ocean_menu_typo_font_size_unit":"px","ocean_menu_typo_font_weight":"","ocean_menu_typo_font_weight_tablet":"","ocean_menu_typo_font_weight_mobile":"","ocean_menu_typo_transform":"","ocean_menu_typo_transform_tablet":"","ocean_menu_typo_transform_mobile":"","ocean_menu_typo_line_height":0,"ocean_menu_typo_line_height_tablet":0,"ocean_menu_typo_line_height_mobile":0,"ocean_menu_typo_line_height_unit":"","ocean_menu_typo_spacing":0,"ocean_menu_typo_spacing_tablet":0,"ocean_menu_typo_spacing_mobile":0,"ocean_menu_typo_spacing_unit":"","ocean_menu_link_color":"","ocean_menu_link_color_hover":"","ocean_menu_link_color_active":"","ocean_menu_link_background":"","ocean_menu_link_hover_background":"","ocean_menu_link_active_background":"","ocean_menu_social_links_bg":"","ocean_menu_social_hover_links_bg":"","ocean_menu_social_links_color":"","ocean_menu_social_hover_links_color":"","ocean_disable_title":"default","ocean_disable_heading":"default","ocean_post_title":"","ocean_post_subheading":"","ocean_post_title_style":"","ocean_post_title_background_color":"","ocean_post_title_background":0,"ocean_post_title_bg_image_position":"","ocean_post_title_bg_image_attachment":"","ocean_post_title_bg_image_repeat":"","ocean_post_title_bg_image_size":"","ocean_post_title_height":0,"ocean_post_title_bg_overlay":0.5,"ocean_post_title_bg_overlay_color":"","ocean_disable_breadcrumbs":"default","ocean_breadcrumbs_color":"","ocean_breadcrumbs_separator_color":"","ocean_breadcrumbs_links_color":"","ocean_breadcrumbs_links_hover_color":"","ocean_display_footer_widgets":"default","ocean_display_footer_bottom":"default","ocean_custom_footer_template":"","footnotes":""},"class_list":["post-2189","page","type-page","status-publish","hentry","entry"],"_links":{"self":[{"href":"https:\/\/www.lelabodubrasseur.com\/index.php\/wp-json\/wp\/v2\/pages\/2189","targetHints":{"allow":["GET"]}}],"collection":[{"href":"https:\/\/www.lelabodubrasseur.com\/index.php\/wp-json\/wp\/v2\/pages"}],"about":[{"href":"https:\/\/www.lelabodubrasseur.com\/index.php\/wp-json\/wp\/v2\/types\/page"}],"author":[{"embeddable":true,"href":"https:\/\/www.lelabodubrasseur.com\/index.php\/wp-json\/wp\/v2\/users\/1"}],"replies":[{"embeddable":true,"href":"https:\/\/www.lelabodubrasseur.com\/index.php\/wp-json\/wp\/v2\/comments?post=2189"}],"version-history":[{"count":9,"href":"https:\/\/www.lelabodubrasseur.com\/index.php\/wp-json\/wp\/v2\/pages\/2189\/revisions"}],"predecessor-version":[{"id":2225,"href":"https:\/\/www.lelabodubrasseur.com\/index.php\/wp-json\/wp\/v2\/pages\/2189\/revisions\/2225"}],"wp:attachment":[{"href":"https:\/\/www.lelabodubrasseur.com\/index.php\/wp-json\/wp\/v2\/media?parent=2189"}],"curies":[{"name":"wp","href":"https:\/\/api.w.org\/{rel}","templated":true}]}}