{"id":2196,"date":"2024-03-21T11:23:40","date_gmt":"2024-03-21T15:23:40","guid":{"rendered":"https:\/\/www.lelabodubrasseur.com\/?page_id=2196"},"modified":"2024-03-21T13:29:40","modified_gmt":"2024-03-21T17:29:40","slug":"shamrock","status":"publish","type":"page","link":"https:\/\/www.lelabodubrasseur.com\/index.php\/shamrock\/","title":{"rendered":"Shamrock"},"content":{"rendered":"\t\t<div data-elementor-type=\"wp-page\" data-elementor-id=\"2196\" class=\"elementor elementor-2196\" data-elementor-post-type=\"page\">\n\t\t\t\t\t\t<section class=\"elementor-section elementor-top-section elementor-element elementor-element-844e1f3 elementor-section-boxed elementor-section-height-default elementor-section-height-default\" data-id=\"844e1f3\" data-element_type=\"section\" data-e-type=\"section\">\n\t\t\t\t\t\t<div class=\"elementor-container elementor-column-gap-default\">\n\t\t\t\t\t<div class=\"elementor-column elementor-col-100 elementor-top-column elementor-element elementor-element-4c47f68\" data-id=\"4c47f68\" data-element_type=\"column\" data-e-type=\"column\">\n\t\t\t<div class=\"elementor-widget-wrap elementor-element-populated\">\n\t\t\t\t\t\t<div class=\"elementor-element elementor-element-0c5f1d2 elementor-widget elementor-widget-heading\" data-id=\"0c5f1d2\" data-element_type=\"widget\" data-e-type=\"widget\" data-widget_type=\"heading.default\">\n\t\t\t\t<div class=\"elementor-widget-container\">\n\t\t\t\t\t<h1 class=\"elementor-heading-title elementor-size-default\">Shamrock<\/h1>\t\t\t\t<\/div>\n\t\t\t\t<\/div>\n\t\t\t\t<div class=\"elementor-element elementor-element-8997b4a elementor-widget-divider--view-line elementor-widget elementor-widget-divider\" data-id=\"8997b4a\" data-element_type=\"widget\" data-e-type=\"widget\" data-widget_type=\"divider.default\">\n\t\t\t\t<div class=\"elementor-widget-container\">\n\t\t\t\t\t\t\t<div class=\"elementor-divider\">\n\t\t\t<span class=\"elementor-divider-separator\">\n\t\t\t\t\t\t<\/span>\n\t\t<\/div>\n\t\t\t\t\t\t<\/div>\n\t\t\t\t<\/div>\n\t\t\t\t\t<\/div>\n\t\t<\/div>\n\t\t\t\t\t<\/div>\n\t\t<\/section>\n\t\t\t\t<section class=\"elementor-section elementor-top-section elementor-element elementor-element-a90225f elementor-section-boxed elementor-section-height-default elementor-section-height-default\" data-id=\"a90225f\" data-element_type=\"section\" data-e-type=\"section\">\n\t\t\t\t\t\t<div class=\"elementor-container elementor-column-gap-default\">\n\t\t\t\t\t<div class=\"elementor-column elementor-col-50 elementor-top-column elementor-element elementor-element-cd72a73\" data-id=\"cd72a73\" data-element_type=\"column\" data-e-type=\"column\">\n\t\t\t<div class=\"elementor-widget-wrap elementor-element-populated\">\n\t\t\t\t\t\t<div class=\"elementor-element elementor-element-21a6b12 elementor-widget elementor-widget-image\" data-id=\"21a6b12\" data-element_type=\"widget\" data-e-type=\"widget\" data-widget_type=\"image.default\">\n\t\t\t\t<div class=\"elementor-widget-container\">\n\t\t\t\t\t\t\t\t\t\t\t\t\t\t\t<img fetchpriority=\"high\" decoding=\"async\" width=\"683\" height=\"1024\" src=\"https:\/\/www.lelabodubrasseur.com\/wp-content\/uploads\/2024\/03\/IMG_0603-683x1024.jpeg\" class=\"attachment-large size-large wp-image-2206\" alt=\"\" srcset=\"https:\/\/www.lelabodubrasseur.com\/wp-content\/uploads\/2024\/03\/IMG_0603-683x1024.jpeg 683w, https:\/\/www.lelabodubrasseur.com\/wp-content\/uploads\/2024\/03\/IMG_0603-200x300.jpeg 200w, https:\/\/www.lelabodubrasseur.com\/wp-content\/uploads\/2024\/03\/IMG_0603-768x1152.jpeg 768w, https:\/\/www.lelabodubrasseur.com\/wp-content\/uploads\/2024\/03\/IMG_0603-1024x1536.jpeg 1024w, https:\/\/www.lelabodubrasseur.com\/wp-content\/uploads\/2024\/03\/IMG_0603-1365x2048.jpeg 1365w, https:\/\/www.lelabodubrasseur.com\/wp-content\/uploads\/2024\/03\/IMG_0603-scaled.jpeg 1707w\" sizes=\"(max-width: 683px) 100vw, 683px\" \/>\t\t\t\t\t\t\t\t\t\t\t\t\t\t\t<\/div>\n\t\t\t\t<\/div>\n\t\t\t\t\t<\/div>\n\t\t<\/div>\n\t\t\t\t<div class=\"elementor-column elementor-col-50 elementor-top-column elementor-element elementor-element-28205f7\" data-id=\"28205f7\" data-element_type=\"column\" data-e-type=\"column\">\n\t\t\t<div class=\"elementor-widget-wrap elementor-element-populated\">\n\t\t\t\t\t\t<div class=\"elementor-element elementor-element-1ec3011 elementor-widget elementor-widget-text-editor\" data-id=\"1ec3011\" data-element_type=\"widget\" data-e-type=\"widget\" data-widget_type=\"text-editor.default\">\n\t\t\t\t<div class=\"elementor-widget-container\">\n\t\t\t\t\t\t\t\t\t<p><strong>Shamrock Cocktail &#8211; La Tradition Revisit\u00e9e<\/strong><\/p><p>\u00c0 \u00ab\u00a0Le Laboratoire du Brasseur\u00a0\u00bb, nous r\u00e9interpr\u00e9tons le l\u00e9gendaire cocktail Shamrock, une concoction qui capture l&rsquo;\u00e2me de l&rsquo;Irlande avec ses nuances de vert \u00e9clatant et sa richesse en saveurs. Inspir\u00e9 par la recette originale du \u00ab\u00a0The Savoy Cocktail Book\u00a0\u00bb de Harry Craddock, notre Shamrock est un toast \u00e0 la convivialit\u00e9 et \u00e0 l&rsquo;h\u00e9ritage irlandais.<\/p><p>L&rsquo;onctuosit\u00e9 du whiskey irlandais, la subtilit\u00e9 du vermouth sec, l&rsquo;ar\u00f4me complexe de la Chartreuse verte et la touche rafra\u00eechissante de la cr\u00e8me de menthe s&rsquo;unissent dans une danse harmonieuse. Chaque gorg\u00e9e est une c\u00e9l\u00e9bration, chaque verre est une d\u00e9claration d&rsquo;all\u00e9gresse. Servi dans un verre martini avec une d\u00e9licate feuille de menthe pour la touche finale, le Shamrock est plus qu&rsquo;un cocktail \u2013 c&rsquo;est une exp\u00e9rience.<\/p><p>Rejoignez-nous pour savourer cette boisson parfaite non seulement pour la Saint-Patrick, mais pour toutes les occasions o\u00f9 l&rsquo;esprit est \u00e0 la f\u00eate. C&rsquo;est une invitation \u00e0 partager un moment de joie, d&rsquo;histoire et de go\u00fbt inoubliable.<\/p>\t\t\t\t\t\t\t\t<\/div>\n\t\t\t\t<\/div>\n\t\t\t\t\t<\/div>\n\t\t<\/div>\n\t\t\t\t\t<\/div>\n\t\t<\/section>\n\t\t\t\t<\/div>\n\t\t","protected":false},"excerpt":{"rendered":"<p>Shamrock Shamrock Cocktail &#8211; La Tradition Revisit\u00e9e \u00c0 \u00ab\u00a0Le Laboratoire du Brasseur\u00a0\u00bb, nous r\u00e9interpr\u00e9tons le l\u00e9gendaire cocktail Shamrock, une concoction qui capture l&rsquo;\u00e2me de l&rsquo;Irlande avec ses nuances de vert \u00e9clatant et sa richesse en saveurs. Inspir\u00e9 par la recette originale du \u00ab\u00a0The Savoy Cocktail Book\u00a0\u00bb de Harry Craddock, notre Shamrock est un toast \u00e0&#8230;<\/p>\n","protected":false},"author":1,"featured_media":0,"parent":0,"menu_order":0,"comment_status":"closed","ping_status":"closed","template":"","meta":{"_seopress_robots_primary_cat":"","_seopress_titles_title":"Shamrock Cocktail - Un Hommage Vibrant \u00e0 l&#039;Irlande | Le Laboratoire du Brasseur","_seopress_titles_desc":"D\u00e9couvrez le Shamrock Cocktail au Laboratoire du Brasseur, une cr\u00e9ation verdoyante qui m\u00e9lange la douceur du whiskey irlandais avec les notes herbac\u00e9es de la Chartreuse et la fra\u00eecheur de la cr\u00e8me de menthe. Parfait pour la Saint-Patrick ou toute occasion festive.\r\n","_seopress_robots_index":"","ocean_post_layout":"","ocean_both_sidebars_style":"","ocean_both_sidebars_content_width":0,"ocean_both_sidebars_sidebars_width":0,"ocean_sidebar":"","ocean_second_sidebar":"","ocean_disable_margins":"enable","ocean_add_body_class":"","ocean_shortcode_before_top_bar":"","ocean_shortcode_after_top_bar":"","ocean_shortcode_before_header":"","ocean_shortcode_after_header":"","ocean_has_shortcode":"","ocean_shortcode_after_title":"","ocean_shortcode_before_footer_widgets":"","ocean_shortcode_after_footer_widgets":"","ocean_shortcode_before_footer_bottom":"","ocean_shortcode_after_footer_bottom":"","ocean_display_top_bar":"default","ocean_display_header":"default","ocean_header_style":"","ocean_center_header_left_menu":"","ocean_custom_header_template":"","ocean_custom_logo":0,"ocean_custom_retina_logo":0,"ocean_custom_logo_max_width":0,"ocean_custom_logo_tablet_max_width":0,"ocean_custom_logo_mobile_max_width":0,"ocean_custom_logo_max_height":0,"ocean_custom_logo_tablet_max_height":0,"ocean_custom_logo_mobile_max_height":0,"ocean_header_custom_menu":"","ocean_menu_typo_font_family":"","ocean_menu_typo_font_subset":"","ocean_menu_typo_font_size":0,"ocean_menu_typo_font_size_tablet":0,"ocean_menu_typo_font_size_mobile":0,"ocean_menu_typo_font_size_unit":"px","ocean_menu_typo_font_weight":"","ocean_menu_typo_font_weight_tablet":"","ocean_menu_typo_font_weight_mobile":"","ocean_menu_typo_transform":"","ocean_menu_typo_transform_tablet":"","ocean_menu_typo_transform_mobile":"","ocean_menu_typo_line_height":0,"ocean_menu_typo_line_height_tablet":0,"ocean_menu_typo_line_height_mobile":0,"ocean_menu_typo_line_height_unit":"","ocean_menu_typo_spacing":0,"ocean_menu_typo_spacing_tablet":0,"ocean_menu_typo_spacing_mobile":0,"ocean_menu_typo_spacing_unit":"","ocean_menu_link_color":"","ocean_menu_link_color_hover":"","ocean_menu_link_color_active":"","ocean_menu_link_background":"","ocean_menu_link_hover_background":"","ocean_menu_link_active_background":"","ocean_menu_social_links_bg":"","ocean_menu_social_hover_links_bg":"","ocean_menu_social_links_color":"","ocean_menu_social_hover_links_color":"","ocean_disable_title":"default","ocean_disable_heading":"default","ocean_post_title":"","ocean_post_subheading":"","ocean_post_title_style":"","ocean_post_title_background_color":"","ocean_post_title_background":0,"ocean_post_title_bg_image_position":"","ocean_post_title_bg_image_attachment":"","ocean_post_title_bg_image_repeat":"","ocean_post_title_bg_image_size":"","ocean_post_title_height":0,"ocean_post_title_bg_overlay":0.5,"ocean_post_title_bg_overlay_color":"","ocean_disable_breadcrumbs":"default","ocean_breadcrumbs_color":"","ocean_breadcrumbs_separator_color":"","ocean_breadcrumbs_links_color":"","ocean_breadcrumbs_links_hover_color":"","ocean_display_footer_widgets":"default","ocean_display_footer_bottom":"default","ocean_custom_footer_template":"","footnotes":""},"class_list":["post-2196","page","type-page","status-publish","hentry","entry"],"_links":{"self":[{"href":"https:\/\/www.lelabodubrasseur.com\/index.php\/wp-json\/wp\/v2\/pages\/2196","targetHints":{"allow":["GET"]}}],"collection":[{"href":"https:\/\/www.lelabodubrasseur.com\/index.php\/wp-json\/wp\/v2\/pages"}],"about":[{"href":"https:\/\/www.lelabodubrasseur.com\/index.php\/wp-json\/wp\/v2\/types\/page"}],"author":[{"embeddable":true,"href":"https:\/\/www.lelabodubrasseur.com\/index.php\/wp-json\/wp\/v2\/users\/1"}],"replies":[{"embeddable":true,"href":"https:\/\/www.lelabodubrasseur.com\/index.php\/wp-json\/wp\/v2\/comments?post=2196"}],"version-history":[{"count":9,"href":"https:\/\/www.lelabodubrasseur.com\/index.php\/wp-json\/wp\/v2\/pages\/2196\/revisions"}],"predecessor-version":[{"id":2233,"href":"https:\/\/www.lelabodubrasseur.com\/index.php\/wp-json\/wp\/v2\/pages\/2196\/revisions\/2233"}],"wp:attachment":[{"href":"https:\/\/www.lelabodubrasseur.com\/index.php\/wp-json\/wp\/v2\/media?parent=2196"}],"curies":[{"name":"wp","href":"https:\/\/api.w.org\/{rel}","templated":true}]}}