{"id":2271,"date":"2024-03-26T09:54:52","date_gmt":"2024-03-26T13:54:52","guid":{"rendered":"https:\/\/www.lelabodubrasseur.com\/?page_id=2271"},"modified":"2024-03-26T11:08:59","modified_gmt":"2024-03-26T15:08:59","slug":"shooter","status":"publish","type":"page","link":"https:\/\/www.lelabodubrasseur.com\/index.php\/shooter\/","title":{"rendered":"shooter"},"content":{"rendered":"\t\t<div data-elementor-type=\"wp-page\" data-elementor-id=\"2271\" class=\"elementor elementor-2271\" data-elementor-post-type=\"page\">\n\t\t\t\t\t\t<section class=\"elementor-section elementor-top-section elementor-element elementor-element-aa58c56 elementor-section-boxed elementor-section-height-default elementor-section-height-default\" data-id=\"aa58c56\" data-element_type=\"section\" data-e-type=\"section\">\n\t\t\t\t\t\t<div class=\"elementor-container elementor-column-gap-default\">\n\t\t\t\t\t<div class=\"elementor-column elementor-col-100 elementor-top-column elementor-element elementor-element-67c164b\" data-id=\"67c164b\" data-element_type=\"column\" data-e-type=\"column\">\n\t\t\t<div class=\"elementor-widget-wrap elementor-element-populated\">\n\t\t\t\t\t\t<div class=\"elementor-element elementor-element-3f2a088 elementor-widget elementor-widget-heading\" data-id=\"3f2a088\" data-element_type=\"widget\" data-e-type=\"widget\" data-widget_type=\"heading.default\">\n\t\t\t\t<div class=\"elementor-widget-container\">\n\t\t\t\t\t<h2 class=\"elementor-heading-title elementor-size-default\">shooter<\/h2>\t\t\t\t<\/div>\n\t\t\t\t<\/div>\n\t\t\t\t\t<\/div>\n\t\t<\/div>\n\t\t\t\t\t<\/div>\n\t\t<\/section>\n\t\t\t\t<section class=\"elementor-section elementor-top-section elementor-element elementor-element-92aed10 elementor-section-boxed elementor-section-height-default elementor-section-height-default\" data-id=\"92aed10\" data-element_type=\"section\" data-e-type=\"section\">\n\t\t\t\t\t\t<div class=\"elementor-container elementor-column-gap-default\">\n\t\t\t\t\t<div class=\"elementor-column elementor-col-100 elementor-top-column elementor-element elementor-element-50dbfe1\" data-id=\"50dbfe1\" data-element_type=\"column\" data-e-type=\"column\">\n\t\t\t<div class=\"elementor-widget-wrap elementor-element-populated\">\n\t\t\t\t\t\t<div class=\"elementor-element elementor-element-fc49fa1 elementor-widget elementor-widget-narestaurant_unique_food_menu\" data-id=\"fc49fa1\" data-element_type=\"widget\" data-e-type=\"widget\" data-widget_type=\"narestaurant_unique_food_menu.default\">\n\t\t\t\t<div class=\"elementor-widget-container\">\n\t\t\t\t\t<div class=\"narep-food-menu-wrap\"><div class=\"narep-food-menu-item-wrap zoom-image hav-img\">\n\t\t\t\t\t\t\t\t\t\t\t              <div class=\"narep-food-menu-item\"><div class=\"narep-image narep-popup\"><a href=\"https:\/\/www.lelabodubrasseur.com\/wp-content\/uploads\/2024\/03\/IMG_1053-scaled.jpeg\"><img decoding=\"async\" src=\"https:\/\/www.lelabodubrasseur.com\/wp-content\/uploads\/2024\/03\/IMG_1053-scaled.jpeg\" alt=\"Deep Ocean Shot\"><\/a><\/div><\/div><div class=\"narep-food-menu-info\"><h4 class=\"narep-food-menu-title\"><span class=\"food-title\">Deep Ocean Shot<\/span><span class=\"food-price\">$4,5<\/span><\/h4><p>Blue Curacao, Hpnotiq, Malibu Rum<\/p><\/div>\n\t\t\t\t\t\t\t\t\t\t\t            <\/div><div class=\"narep-food-menu-item-wrap zoom-image hav-img\">\n\t\t\t\t\t\t\t\t\t\t\t              <div class=\"narep-food-menu-item\"><div class=\"narep-image narep-popup\"><a href=\"https:\/\/www.lelabodubrasseur.com\/wp-content\/uploads\/2024\/03\/IMG_0609-scaled.jpeg\"><img decoding=\"async\" src=\"https:\/\/www.lelabodubrasseur.com\/wp-content\/uploads\/2024\/03\/IMG_0609-scaled.jpeg\" alt=\"Steigner\"><\/a><\/div><\/div><div class=\"narep-food-menu-info\"><h4 class=\"narep-food-menu-title\"><span class=\"food-title\">Steigner<\/span><span class=\"food-price\">$4,5<\/span><\/h4><p>St-R\u00e9my XO, Cr\u00e8me de Menthe Blanche <\/p><\/div>\n\t\t\t\t\t\t\t\t\t\t\t            <\/div><div class=\"narep-food-menu-item-wrap zoom-image hav-img\">\n\t\t\t\t\t\t\t\t\t\t\t              <div class=\"narep-food-menu-item\"><div class=\"narep-image narep-popup\"><a href=\"https:\/\/www.lelabodubrasseur.com\/wp-content\/uploads\/2024\/03\/IMG_0606-scaled.jpeg\"><img decoding=\"async\" src=\"https:\/\/www.lelabodubrasseur.com\/wp-content\/uploads\/2024\/03\/IMG_0606-scaled.jpeg\" alt=\"Kamikaze\"><\/a><\/div><\/div><div class=\"narep-food-menu-info\"><h4 class=\"narep-food-menu-title\"><span class=\"food-title\">Kamikaze<\/span><span class=\"food-price\">$4,25<\/span><\/h4><p>Vodka, Triple Sec, Jus Lime<\/p><\/div>\n\t\t\t\t\t\t\t\t\t\t\t            <\/div><div class=\"narep-food-menu-item-wrap zoom-image hav-img\">\n\t\t\t\t\t\t\t\t\t\t\t              <div class=\"narep-food-menu-item\"><div class=\"narep-image narep-popup\"><a href=\"https:\/\/www.lelabodubrasseur.com\/wp-content\/uploads\/2024\/03\/IMG_0608-scaled.jpeg\"><img decoding=\"async\" src=\"https:\/\/www.lelabodubrasseur.com\/wp-content\/uploads\/2024\/03\/IMG_0608-scaled.jpeg\" alt=\"Screaming Orgasm Shot\"><\/a><\/div><\/div><div class=\"narep-food-menu-info\"><h4 class=\"narep-food-menu-title\"><span class=\"food-title\">Screaming Orgasm Shot<\/span><span class=\"food-price\">$4,50<\/span><\/h4><p>Kailua, Amaretto, Baileys, Gin<\/p><\/div>\n\t\t\t\t\t\t\t\t\t\t\t            <\/div><div class=\"narep-food-menu-item-wrap zoom-image hav-img\">\n\t\t\t\t\t\t\t\t\t\t\t              <div class=\"narep-food-menu-item\"><div class=\"narep-image narep-popup\"><a href=\"https:\/\/www.lelabodubrasseur.com\/wp-content\/uploads\/2024\/03\/IMG_0611-scaled.jpeg\"><img decoding=\"async\" src=\"https:\/\/www.lelabodubrasseur.com\/wp-content\/uploads\/2024\/03\/IMG_0611-scaled.jpeg\" alt=\"Steamson&#039;s Galliano\"><\/a><\/div><\/div><div class=\"narep-food-menu-info\"><h4 class=\"narep-food-menu-title\"><span class=\"food-title\">Steamson&#039;s Galliano<\/span><span class=\"food-price\">$4,85<\/span><\/h4><p>Jameson, Galiono<\/p><\/div>\n\t\t\t\t\t\t\t\t\t\t\t            <\/div><div class=\"narep-food-menu-item-wrap zoom-image hav-img\">\n\t\t\t\t\t\t\t\t\t\t\t              <div class=\"narep-food-menu-item\"><div class=\"narep-image narep-popup\"><a href=\"https:\/\/www.lelabodubrasseur.com\/wp-content\/uploads\/2024\/03\/IMG_0606-scaled.jpeg\"><img decoding=\"async\" src=\"https:\/\/www.lelabodubrasseur.com\/wp-content\/uploads\/2024\/03\/IMG_0606-scaled.jpeg\" alt=\"Vodka Lime\"><\/a><\/div><\/div><div class=\"narep-food-menu-info\"><h4 class=\"narep-food-menu-title\"><span class=\"food-title\">Vodka Lime<\/span><span class=\"food-price\">5<\/span><\/h4><p>Vodka, Jus de lime <\/p><\/div>\n\t\t\t\t\t\t\t\t\t\t\t            <\/div><div class=\"narep-food-menu-item-wrap zoom-image hav-img\">\n\t\t\t\t\t\t\t\t\t\t\t              <div class=\"narep-food-menu-item\"><div class=\"narep-image narep-popup\"><a href=\"https:\/\/www.lelabodubrasseur.com\/wp-content\/uploads\/2024\/03\/IMG_0610-1-scaled.jpeg\"><img decoding=\"async\" src=\"https:\/\/www.lelabodubrasseur.com\/wp-content\/uploads\/2024\/03\/IMG_0610-1-scaled.jpeg\" alt=\"Upper Cut\"><\/a><\/div><\/div><div class=\"narep-food-menu-info\"><h4 class=\"narep-food-menu-title\"><span class=\"food-title\">Upper Cut<\/span><span class=\"food-price\">5,25<\/span><\/h4><p>Southern Comfort, Disarono, Jus d'orange<\/p><\/div>\n\t\t\t\t\t\t\t\t\t\t\t            <\/div><div class=\"narep-food-menu-item-wrap zoom-image hav-img\">\n\t\t\t\t\t\t\t\t\t\t\t              <div class=\"narep-food-menu-item\"><div class=\"narep-image narep-popup\"><a href=\"https:\/\/www.lelabodubrasseur.com\/wp-content\/uploads\/2024\/03\/IMG_0607-scaled.jpeg\"><img decoding=\"async\" src=\"https:\/\/www.lelabodubrasseur.com\/wp-content\/uploads\/2024\/03\/IMG_0607-scaled.jpeg\" alt=\"Roulette Russes\"><\/a><\/div><\/div><div class=\"narep-food-menu-info\"><h4 class=\"narep-food-menu-title\"><span class=\"food-title\">Roulette Russes<\/span><span class=\"food-price\">5,25<\/span><\/h4><p>Vodka, Disarono, Sambuca<\/p><\/div>\n\t\t\t\t\t\t\t\t\t\t\t            <\/div><div class=\"narep-food-menu-item-wrap zoom-image hav-img\">\n\t\t\t\t\t\t\t\t\t\t\t              <div class=\"narep-food-menu-item\"><div class=\"narep-image narep-popup\"><a href=\"https:\/\/www.lelabodubrasseur.com\/wp-content\/uploads\/2024\/03\/IMG_0615-scaled.jpeg\"><img decoding=\"async\" src=\"https:\/\/www.lelabodubrasseur.com\/wp-content\/uploads\/2024\/03\/IMG_0615-scaled.jpeg\" alt=\"B-52\"><\/a><\/div><\/div><div class=\"narep-food-menu-info\"><h4 class=\"narep-food-menu-title\"><span class=\"food-title\">B-52<\/span><span class=\"food-price\">5,25<\/span><\/h4><p>Kailua, Irish cream, Grand Mariner<\/p><\/div>\n\t\t\t\t\t\t\t\t\t\t\t            <\/div><div class=\"narep-food-menu-item-wrap zoom-image hav-img\">\n\t\t\t\t\t\t\t\t\t\t\t              <div class=\"narep-food-menu-item\"><div class=\"narep-image narep-popup\"><a href=\"https:\/\/www.lelabodubrasseur.com\/wp-content\/uploads\/2024\/03\/IMG_0612-scaled.jpeg\"><img decoding=\"async\" src=\"https:\/\/www.lelabodubrasseur.com\/wp-content\/uploads\/2024\/03\/IMG_0612-scaled.jpeg\" alt=\"Redheaded Slut\"><\/a><\/div><\/div><div class=\"narep-food-menu-info\"><h4 class=\"narep-food-menu-title\"><span class=\"food-title\">Redheaded Slut<\/span><span class=\"food-price\">4,25<\/span><\/h4><p>J\u00e4germeister, p\u00eache schnapps, jus de canneberge<\/p><\/div>\n\t\t\t\t\t\t\t\t\t\t\t            <\/div><div class=\"narep-food-menu-item-wrap zoom-image hav-img\">\n\t\t\t\t\t\t\t\t\t\t\t              <div class=\"narep-food-menu-item\"><div class=\"narep-image narep-popup\"><a href=\"https:\/\/www.lelabodubrasseur.com\/wp-content\/uploads\/2024\/03\/IMG_0613-scaled.jpeg\"><img decoding=\"async\" src=\"https:\/\/www.lelabodubrasseur.com\/wp-content\/uploads\/2024\/03\/IMG_0613-scaled.jpeg\" alt=\"Bazooka Joe:\"><\/a><\/div><\/div><div class=\"narep-food-menu-info\"><h4 class=\"narep-food-menu-title\"><span class=\"food-title\">Bazooka Joe:<\/span><span class=\"food-price\">4,75<\/span><\/h4><p>Blue Curacao, banane schnapps, Irish Cream<\/p><\/div>\n\t\t\t\t\t\t\t\t\t\t\t            <\/div><\/div>\t\t\t\t<\/div>\n\t\t\t\t<\/div>\n\t\t\t\t\t<\/div>\n\t\t<\/div>\n\t\t\t\t\t<\/div>\n\t\t<\/section>\n\t\t\t\t<\/div>\n\t\t","protected":false},"excerpt":{"rendered":"<p>shooter Deep Ocean Shot$4,5 Blue Curacao, Hpnotiq, Malibu Rum Steigner$4,5 St-R\u00e9my XO, Cr\u00e8me de Menthe Blanche Kamikaze$4,25 Vodka, Triple Sec, Jus Lime Screaming Orgasm Shot$4,50 Kailua, Amaretto, Baileys, Gin Steamson&#039;s Galliano$4,85 Jameson, Galiono Vodka Lime5 Vodka, Jus de lime Upper Cut5,25 Southern Comfort, Disarono, Jus d&rsquo;orange Roulette Russes5,25 Vodka, Disarono, Sambuca B-525,25 Kailua, Irish cream,&#8230;<\/p>\n","protected":false},"author":1,"featured_media":0,"parent":0,"menu_order":0,"comment_status":"closed","ping_status":"closed","template":"","meta":{"_seopress_robots_primary_cat":"","_seopress_titles_title":"Menu des Shooters Signature du Laboratoire du Brasseur \u2013 \u00c9veillez votre Soir\u00e9e!","_seopress_titles_desc":"D\u00e9couvrez notre s\u00e9lection exclusive de shooters innovants au Laboratoire du Brasseur. Chaque shooter est une promesse d&#039;\u00e9vasion, con\u00e7ue pour pimenter votre exp\u00e9rience de sortie. Rejoignez-nous pour une soir\u00e9e \u00e9lectrique o\u00f9 chaque cocktail est un spectacle pour les sens.\r\n","_seopress_robots_index":"","ocean_post_layout":"","ocean_both_sidebars_style":"","ocean_both_sidebars_content_width":0,"ocean_both_sidebars_sidebars_width":0,"ocean_sidebar":"","ocean_second_sidebar":"","ocean_disable_margins":"enable","ocean_add_body_class":"","ocean_shortcode_before_top_bar":"","ocean_shortcode_after_top_bar":"","ocean_shortcode_before_header":"","ocean_shortcode_after_header":"","ocean_has_shortcode":"","ocean_shortcode_after_title":"","ocean_shortcode_before_footer_widgets":"","ocean_shortcode_after_footer_widgets":"","ocean_shortcode_before_footer_bottom":"","ocean_shortcode_after_footer_bottom":"","ocean_display_top_bar":"default","ocean_display_header":"default","ocean_header_style":"","ocean_center_header_left_menu":"","ocean_custom_header_template":"","ocean_custom_logo":0,"ocean_custom_retina_logo":0,"ocean_custom_logo_max_width":0,"ocean_custom_logo_tablet_max_width":0,"ocean_custom_logo_mobile_max_width":0,"ocean_custom_logo_max_height":0,"ocean_custom_logo_tablet_max_height":0,"ocean_custom_logo_mobile_max_height":0,"ocean_header_custom_menu":"","ocean_menu_typo_font_family":"","ocean_menu_typo_font_subset":"","ocean_menu_typo_font_size":0,"ocean_menu_typo_font_size_tablet":0,"ocean_menu_typo_font_size_mobile":0,"ocean_menu_typo_font_size_unit":"px","ocean_menu_typo_font_weight":"","ocean_menu_typo_font_weight_tablet":"","ocean_menu_typo_font_weight_mobile":"","ocean_menu_typo_transform":"","ocean_menu_typo_transform_tablet":"","ocean_menu_typo_transform_mobile":"","ocean_menu_typo_line_height":0,"ocean_menu_typo_line_height_tablet":0,"ocean_menu_typo_line_height_mobile":0,"ocean_menu_typo_line_height_unit":"","ocean_menu_typo_spacing":0,"ocean_menu_typo_spacing_tablet":0,"ocean_menu_typo_spacing_mobile":0,"ocean_menu_typo_spacing_unit":"","ocean_menu_link_color":"","ocean_menu_link_color_hover":"","ocean_menu_link_color_active":"","ocean_menu_link_background":"","ocean_menu_link_hover_background":"","ocean_menu_link_active_background":"","ocean_menu_social_links_bg":"","ocean_menu_social_hover_links_bg":"","ocean_menu_social_links_color":"","ocean_menu_social_hover_links_color":"","ocean_disable_title":"default","ocean_disable_heading":"default","ocean_post_title":"","ocean_post_subheading":"","ocean_post_title_style":"","ocean_post_title_background_color":"","ocean_post_title_background":0,"ocean_post_title_bg_image_position":"","ocean_post_title_bg_image_attachment":"","ocean_post_title_bg_image_repeat":"","ocean_post_title_bg_image_size":"","ocean_post_title_height":0,"ocean_post_title_bg_overlay":0.5,"ocean_post_title_bg_overlay_color":"","ocean_disable_breadcrumbs":"default","ocean_breadcrumbs_color":"","ocean_breadcrumbs_separator_color":"","ocean_breadcrumbs_links_color":"","ocean_breadcrumbs_links_hover_color":"","ocean_display_footer_widgets":"default","ocean_display_footer_bottom":"default","ocean_custom_footer_template":"","footnotes":""},"class_list":["post-2271","page","type-page","status-publish","hentry","entry"],"_links":{"self":[{"href":"https:\/\/www.lelabodubrasseur.com\/index.php\/wp-json\/wp\/v2\/pages\/2271","targetHints":{"allow":["GET"]}}],"collection":[{"href":"https:\/\/www.lelabodubrasseur.com\/index.php\/wp-json\/wp\/v2\/pages"}],"about":[{"href":"https:\/\/www.lelabodubrasseur.com\/index.php\/wp-json\/wp\/v2\/types\/page"}],"author":[{"embeddable":true,"href":"https:\/\/www.lelabodubrasseur.com\/index.php\/wp-json\/wp\/v2\/users\/1"}],"replies":[{"embeddable":true,"href":"https:\/\/www.lelabodubrasseur.com\/index.php\/wp-json\/wp\/v2\/comments?post=2271"}],"version-history":[{"count":62,"href":"https:\/\/www.lelabodubrasseur.com\/index.php\/wp-json\/wp\/v2\/pages\/2271\/revisions"}],"predecessor-version":[{"id":2352,"href":"https:\/\/www.lelabodubrasseur.com\/index.php\/wp-json\/wp\/v2\/pages\/2271\/revisions\/2352"}],"wp:attachment":[{"href":"https:\/\/www.lelabodubrasseur.com\/index.php\/wp-json\/wp\/v2\/media?parent=2271"}],"curies":[{"name":"wp","href":"https:\/\/api.w.org\/{rel}","templated":true}]}}